{"id":121,"date":"2022-11-24T13:56:44","date_gmt":"2022-11-24T13:56:44","guid":{"rendered":"http:\/\/nutricion.ucr.ac.cr\/?page_id=121"},"modified":"2023-02-01T17:35:15","modified_gmt":"2023-02-01T17:35:15","slug":"areas-de-accion","status":"publish","type":"page","link":"https:\/\/nutricionparavivirmejor.ucr.ac.cr\/index.php\/areas-de-accion\/","title":{"rendered":"\u00c1reas de Acci\u00f3n"},"content":{"rendered":"\t\t<div data-elementor-type=\"wp-page\" data-elementor-id=\"121\" class=\"elementor elementor-121\">\n\t\t\t\t\t\t<section class=\"elementor-section elementor-top-section elementor-element elementor-element-94c435d elementor-section-boxed elementor-section-height-default elementor-section-height-default\" data-id=\"94c435d\" data-element_type=\"section\" data-e-type=\"section\">\n\t\t\t\t\t\t<div class=\"elementor-container elementor-column-gap-default\">\n\t\t\t\t\t<div class=\"elementor-column elementor-col-100 elementor-top-column elementor-element elementor-element-619e627\" data-id=\"619e627\" data-element_type=\"column\" data-e-type=\"column\">\n\t\t\t<div class=\"elementor-widget-wrap elementor-element-populated\">\n\t\t\t\t\t\t<div class=\"elementor-element elementor-element-5761e15 elementor-widget elementor-widget-image\" data-id=\"5761e15\" data-element_type=\"widget\" data-e-type=\"widget\" data-widget_type=\"image.default\">\n\t\t\t\t<div class=\"elementor-widget-container\">\n\t\t\t\t\t\t\t\t\t\t\t\t\t\t\t<img fetchpriority=\"high\" decoding=\"async\" width=\"1024\" height=\"284\" src=\"https:\/\/nutricionparavivirmejor.ucr.ac.cr\/wp-content\/uploads\/2023\/02\/CINTIILLOS_PREANU-5-1024x284.png\" class=\"attachment-large size-large wp-image-1570\" alt=\"Areas de Acci\u00f3n\" srcset=\"https:\/\/nutricionparavivirmejor.ucr.ac.cr\/wp-content\/uploads\/2023\/02\/CINTIILLOS_PREANU-5-1024x284.png 1024w, https:\/\/nutricionparavivirmejor.ucr.ac.cr\/wp-content\/uploads\/2023\/02\/CINTIILLOS_PREANU-5-300x83.png 300w, https:\/\/nutricionparavivirmejor.ucr.ac.cr\/wp-content\/uploads\/2023\/02\/CINTIILLOS_PREANU-5-768x213.png 768w, https:\/\/nutricionparavivirmejor.ucr.ac.cr\/wp-content\/uploads\/2023\/02\/CINTIILLOS_PREANU-5-1536x426.png 1536w, https:\/\/nutricionparavivirmejor.ucr.ac.cr\/wp-content\/uploads\/2023\/02\/CINTIILLOS_PREANU-5-2048x568.png 2048w\" sizes=\"(max-width: 1024px) 100vw, 1024px\" \/>\t\t\t\t\t\t\t\t\t\t\t\t\t\t\t<\/div>\n\t\t\t\t<\/div>\n\t\t\t\t\t<\/div>\n\t\t<\/div>\n\t\t\t\t\t<\/div>\n\t\t<\/section>\n\t\t\t\t<section class=\"elementor-section elementor-top-section elementor-element elementor-element-b954ac7 elementor-section-boxed elementor-section-height-default elementor-section-height-default\" data-id=\"b954ac7\" data-element_type=\"section\" data-e-type=\"section\">\n\t\t\t\t\t\t<div class=\"elementor-container elementor-column-gap-default\">\n\t\t\t\t\t<div class=\"elementor-column elementor-col-100 elementor-top-column elementor-element elementor-element-e3e61f1\" data-id=\"e3e61f1\" data-element_type=\"column\" data-e-type=\"column\">\n\t\t\t<div class=\"elementor-widget-wrap elementor-element-populated\">\n\t\t\t\t\t\t<div class=\"elementor-element elementor-element-85c35ba elementor-widget elementor-widget-text-editor\" data-id=\"85c35ba\" data-element_type=\"widget\" data-e-type=\"widget\" data-widget_type=\"text-editor.default\">\n\t\t\t\t<div class=\"elementor-widget-container\">\n\t\t\t\t\t\t\t\t\t<p><span data-contrast=\"auto\">Las \u00e1reas de acci\u00f3n del PREANU tienen correspondencia con varias de las \u00e1reas prioritarias de acci\u00f3n social e <span style=\"color: #000000;\">investigaci\u00f3n<\/span> definidas por la Escuela de Nutrici\u00f3n, que a su vez responden a la agenda nacional en materia en salud, nutrici\u00f3n, bienestar social y pol\u00edticas universitarias. Tambi\u00e9n est\u00e1n vinculadas con el curr\u00edculum de la carrera de Licenciatura en Nutrici\u00f3n de la Universidad de Costa Rica.<\/span><span data-ccp-props=\"{&quot;201341983&quot;:0,&quot;335551550&quot;:6,&quot;335551620&quot;:6,&quot;335559739&quot;:160,&quot;335559740&quot;:259}\">\u00a0<\/span><\/p><p><span data-contrast=\"auto\">Para definir las \u00e1reas de acci\u00f3n se tomaron en cuenta las tem\u00e1ticas, las diferentes poblaciones y los escenarios principales.\u202f De tal manera que se establecieron cuatro \u00e1reas a saber: alimentaci\u00f3n saludable y sostenible, nutrici\u00f3n en el curso de la vida, nutrici\u00f3n en el \u00e1mbito laboral y atenci\u00f3n nutricional.<\/span><span data-ccp-props=\"{&quot;201341983&quot;:0,&quot;335551550&quot;:6,&quot;335551620&quot;:6,&quot;335559739&quot;:160,&quot;335559740&quot;:259}\">\u00a0<\/span><\/p>\t\t\t\t\t\t\t\t<\/div>\n\t\t\t\t<\/div>\n\t\t\t\t\t<\/div>\n\t\t<\/div>\n\t\t\t\t\t<\/div>\n\t\t<\/section>\n\t\t\t\t<section class=\"elementor-section elementor-top-section elementor-element elementor-element-336a411 elementor-section-boxed elementor-section-height-default elementor-section-height-default\" data-id=\"336a411\" data-element_type=\"section\" data-e-type=\"section\">\n\t\t\t\t\t\t<div class=\"elementor-container elementor-column-gap-default\">\n\t\t\t\t\t<div class=\"elementor-column elementor-col-100 elementor-top-column elementor-element elementor-element-8bbdbeb\" data-id=\"8bbdbeb\" data-element_type=\"column\" data-e-type=\"column\">\n\t\t\t<div class=\"elementor-widget-wrap elementor-element-populated\">\n\t\t\t\t\t\t<div class=\"elementor-element elementor-element-a764c50 elementor-widget elementor-widget-spacer\" data-id=\"a764c50\" data-element_type=\"widget\" data-e-type=\"widget\" data-widget_type=\"spacer.default\">\n\t\t\t\t<div class=\"elementor-widget-container\">\n\t\t\t\t\t\t\t<div class=\"elementor-spacer\">\n\t\t\t<div class=\"elementor-spacer-inner\"><\/div>\n\t\t<\/div>\n\t\t\t\t\t\t<\/div>\n\t\t\t\t<\/div>\n\t\t\t\t\t<\/div>\n\t\t<\/div>\n\t\t\t\t\t<\/div>\n\t\t<\/section>\n\t\t\t\t<\/div>\n\t\t","protected":false},"excerpt":{"rendered":"<p>Las \u00e1reas de acci\u00f3n del PREANU tienen correspondencia con varias de las \u00e1reas prioritarias de acci\u00f3n social e investigaci\u00f3n definidas por la Escuela de Nutrici\u00f3n, que a su vez responden a la agenda nacional en materia en salud, nutrici\u00f3n, bienestar social y pol\u00edticas universitarias. Tambi\u00e9n est\u00e1n vinculadas con el curr\u00edculum de la carrera de Licenciatura [&hellip;]<\/p>\n","protected":false},"author":3,"featured_media":0,"parent":0,"menu_order":0,"comment_status":"closed","ping_status":"closed","template":"","meta":{"_eb_attr":"","inline_featured_image":false,"ngg_post_thumbnail":0,"footnotes":""},"class_list":["post-121","page","type-page","status-publish","hentry"],"yoast_head":"<!-- This site is optimized with the Yoast SEO plugin v27.4 - https:\/\/yoast.com\/product\/yoast-seo-wordpress\/ -->\n<title>\u00c1reas de Acci\u00f3n - PREANU<\/title>\n<meta name=\"robots\" content=\"index, follow, max-snippet:-1, max-image-preview:large, max-video-preview:-1\" \/>\n<link rel=\"canonical\" href=\"https:\/\/nutricionparavivirmejor.ucr.ac.cr\/index.php\/areas-de-accion\/\" \/>\n<meta property=\"og:locale\" content=\"es_MX\" \/>\n<meta property=\"og:type\" content=\"article\" \/>\n<meta property=\"og:title\" content=\"\u00c1reas de Acci\u00f3n - PREANU\" \/>\n<meta property=\"og:description\" content=\"Las \u00e1reas de acci\u00f3n del PREANU tienen correspondencia con varias de las \u00e1reas prioritarias de acci\u00f3n social e investigaci\u00f3n definidas por la Escuela de Nutrici\u00f3n, que a su vez responden a la agenda nacional en materia en salud, nutrici\u00f3n, bienestar social y pol\u00edticas universitarias. Tambi\u00e9n est\u00e1n vinculadas con el curr\u00edculum de la carrera de Licenciatura [&hellip;]\" \/>\n<meta property=\"og:url\" content=\"https:\/\/nutricionparavivirmejor.ucr.ac.cr\/index.php\/areas-de-accion\/\" \/>\n<meta property=\"og:site_name\" content=\"PREANU\" \/>\n<meta property=\"article:modified_time\" content=\"2023-02-01T17:35:15+00:00\" \/>\n<meta property=\"og:image\" content=\"http:\/\/nutricionparavivirmejor.ucr.ac.cr\/wp-content\/uploads\/2023\/02\/CINTIILLOS_PREANU-5-1024x284.png\" \/>\n<meta name=\"twitter:card\" content=\"summary_large_image\" \/>\n<meta name=\"twitter:label1\" content=\"Tiempo de lectura\" \/>\n\t<meta name=\"twitter:data1\" content=\"1 minuto\" \/>\n<script type=\"application\/ld+json\" class=\"yoast-schema-graph\">{\"@context\":\"https:\\\/\\\/schema.org\",\"@graph\":[{\"@type\":\"WebPage\",\"@id\":\"https:\\\/\\\/nutricionparavivirmejor.ucr.ac.cr\\\/index.php\\\/areas-de-accion\\\/\",\"url\":\"https:\\\/\\\/nutricionparavivirmejor.ucr.ac.cr\\\/index.php\\\/areas-de-accion\\\/\",\"name\":\"\u00c1reas de Acci\u00f3n - PREANU\",\"isPartOf\":{\"@id\":\"https:\\\/\\\/nutricionparavivirmejor.ucr.ac.cr\\\/#website\"},\"primaryImageOfPage\":{\"@id\":\"https:\\\/\\\/nutricionparavivirmejor.ucr.ac.cr\\\/index.php\\\/areas-de-accion\\\/#primaryimage\"},\"image\":{\"@id\":\"https:\\\/\\\/nutricionparavivirmejor.ucr.ac.cr\\\/index.php\\\/areas-de-accion\\\/#primaryimage\"},\"thumbnailUrl\":\"http:\\\/\\\/nutricionparavivirmejor.ucr.ac.cr\\\/wp-content\\\/uploads\\\/2023\\\/02\\\/CINTIILLOS_PREANU-5-1024x284.png\",\"datePublished\":\"2022-11-24T13:56:44+00:00\",\"dateModified\":\"2023-02-01T17:35:15+00:00\",\"breadcrumb\":{\"@id\":\"https:\\\/\\\/nutricionparavivirmejor.ucr.ac.cr\\\/index.php\\\/areas-de-accion\\\/#breadcrumb\"},\"inLanguage\":\"es\",\"potentialAction\":[{\"@type\":\"ReadAction\",\"target\":[\"https:\\\/\\\/nutricionparavivirmejor.ucr.ac.cr\\\/index.php\\\/areas-de-accion\\\/\"]}]},{\"@type\":\"ImageObject\",\"inLanguage\":\"es\",\"@id\":\"https:\\\/\\\/nutricionparavivirmejor.ucr.ac.cr\\\/index.php\\\/areas-de-accion\\\/#primaryimage\",\"url\":\"http:\\\/\\\/nutricionparavivirmejor.ucr.ac.cr\\\/wp-content\\\/uploads\\\/2023\\\/02\\\/CINTIILLOS_PREANU-5-1024x284.png\",\"contentUrl\":\"http:\\\/\\\/nutricionparavivirmejor.ucr.ac.cr\\\/wp-content\\\/uploads\\\/2023\\\/02\\\/CINTIILLOS_PREANU-5-1024x284.png\"},{\"@type\":\"BreadcrumbList\",\"@id\":\"https:\\\/\\\/nutricionparavivirmejor.ucr.ac.cr\\\/index.php\\\/areas-de-accion\\\/#breadcrumb\",\"itemListElement\":[{\"@type\":\"ListItem\",\"position\":1,\"name\":\"Portada\",\"item\":\"https:\\\/\\\/nutricionparavivirmejor.ucr.ac.cr\\\/\"},{\"@type\":\"ListItem\",\"position\":2,\"name\":\"\u00c1reas de Acci\u00f3n\"}]},{\"@type\":\"WebSite\",\"@id\":\"https:\\\/\\\/nutricionparavivirmejor.ucr.ac.cr\\\/#website\",\"url\":\"https:\\\/\\\/nutricionparavivirmejor.ucr.ac.cr\\\/\",\"name\":\"PREANU\",\"description\":\"Programa de Educaci\u00f3n y Atenci\u00f3n Nutricional Universitario\",\"publisher\":{\"@id\":\"https:\\\/\\\/nutricionparavivirmejor.ucr.ac.cr\\\/#organization\"},\"potentialAction\":[{\"@type\":\"SearchAction\",\"target\":{\"@type\":\"EntryPoint\",\"urlTemplate\":\"https:\\\/\\\/nutricionparavivirmejor.ucr.ac.cr\\\/?s={search_term_string}\"},\"query-input\":{\"@type\":\"PropertyValueSpecification\",\"valueRequired\":true,\"valueName\":\"search_term_string\"}}],\"inLanguage\":\"es\"},{\"@type\":\"Organization\",\"@id\":\"https:\\\/\\\/nutricionparavivirmejor.ucr.ac.cr\\\/#organization\",\"name\":\"PREANU\",\"url\":\"https:\\\/\\\/nutricionparavivirmejor.ucr.ac.cr\\\/\",\"logo\":{\"@type\":\"ImageObject\",\"inLanguage\":\"es\",\"@id\":\"https:\\\/\\\/nutricionparavivirmejor.ucr.ac.cr\\\/#\\\/schema\\\/logo\\\/image\\\/\",\"url\":\"https:\\\/\\\/nutricionparavivirmejor.ucr.ac.cr\\\/wp-content\\\/uploads\\\/2023\\\/01\\\/ACRONIMOS-ENU-5.svg\",\"contentUrl\":\"https:\\\/\\\/nutricionparavivirmejor.ucr.ac.cr\\\/wp-content\\\/uploads\\\/2023\\\/01\\\/ACRONIMOS-ENU-5.svg\",\"width\":300,\"height\":50,\"caption\":\"PREANU\"},\"image\":{\"@id\":\"https:\\\/\\\/nutricionparavivirmejor.ucr.ac.cr\\\/#\\\/schema\\\/logo\\\/image\\\/\"}}]}<\/script>\n<!-- \/ Yoast SEO plugin. -->","yoast_head_json":{"title":"\u00c1reas de Acci\u00f3n - PREANU","robots":{"index":"index","follow":"follow","max-snippet":"max-snippet:-1","max-image-preview":"max-image-preview:large","max-video-preview":"max-video-preview:-1"},"canonical":"https:\/\/nutricionparavivirmejor.ucr.ac.cr\/index.php\/areas-de-accion\/","og_locale":"es_MX","og_type":"article","og_title":"\u00c1reas de Acci\u00f3n - PREANU","og_description":"Las \u00e1reas de acci\u00f3n del PREANU tienen correspondencia con varias de las \u00e1reas prioritarias de acci\u00f3n social e investigaci\u00f3n definidas por la Escuela de Nutrici\u00f3n, que a su vez responden a la agenda nacional en materia en salud, nutrici\u00f3n, bienestar social y pol\u00edticas universitarias. Tambi\u00e9n est\u00e1n vinculadas con el curr\u00edculum de la carrera de Licenciatura [&hellip;]","og_url":"https:\/\/nutricionparavivirmejor.ucr.ac.cr\/index.php\/areas-de-accion\/","og_site_name":"PREANU","article_modified_time":"2023-02-01T17:35:15+00:00","og_image":[{"url":"http:\/\/nutricionparavivirmejor.ucr.ac.cr\/wp-content\/uploads\/2023\/02\/CINTIILLOS_PREANU-5-1024x284.png","type":"","width":"","height":""}],"twitter_card":"summary_large_image","twitter_misc":{"Tiempo de lectura":"1 minuto"},"schema":{"@context":"https:\/\/schema.org","@graph":[{"@type":"WebPage","@id":"https:\/\/nutricionparavivirmejor.ucr.ac.cr\/index.php\/areas-de-accion\/","url":"https:\/\/nutricionparavivirmejor.ucr.ac.cr\/index.php\/areas-de-accion\/","name":"\u00c1reas de Acci\u00f3n - PREANU","isPartOf":{"@id":"https:\/\/nutricionparavivirmejor.ucr.ac.cr\/#website"},"primaryImageOfPage":{"@id":"https:\/\/nutricionparavivirmejor.ucr.ac.cr\/index.php\/areas-de-accion\/#primaryimage"},"image":{"@id":"https:\/\/nutricionparavivirmejor.ucr.ac.cr\/index.php\/areas-de-accion\/#primaryimage"},"thumbnailUrl":"http:\/\/nutricionparavivirmejor.ucr.ac.cr\/wp-content\/uploads\/2023\/02\/CINTIILLOS_PREANU-5-1024x284.png","datePublished":"2022-11-24T13:56:44+00:00","dateModified":"2023-02-01T17:35:15+00:00","breadcrumb":{"@id":"https:\/\/nutricionparavivirmejor.ucr.ac.cr\/index.php\/areas-de-accion\/#breadcrumb"},"inLanguage":"es","potentialAction":[{"@type":"ReadAction","target":["https:\/\/nutricionparavivirmejor.ucr.ac.cr\/index.php\/areas-de-accion\/"]}]},{"@type":"ImageObject","inLanguage":"es","@id":"https:\/\/nutricionparavivirmejor.ucr.ac.cr\/index.php\/areas-de-accion\/#primaryimage","url":"http:\/\/nutricionparavivirmejor.ucr.ac.cr\/wp-content\/uploads\/2023\/02\/CINTIILLOS_PREANU-5-1024x284.png","contentUrl":"http:\/\/nutricionparavivirmejor.ucr.ac.cr\/wp-content\/uploads\/2023\/02\/CINTIILLOS_PREANU-5-1024x284.png"},{"@type":"BreadcrumbList","@id":"https:\/\/nutricionparavivirmejor.ucr.ac.cr\/index.php\/areas-de-accion\/#breadcrumb","itemListElement":[{"@type":"ListItem","position":1,"name":"Portada","item":"https:\/\/nutricionparavivirmejor.ucr.ac.cr\/"},{"@type":"ListItem","position":2,"name":"\u00c1reas de Acci\u00f3n"}]},{"@type":"WebSite","@id":"https:\/\/nutricionparavivirmejor.ucr.ac.cr\/#website","url":"https:\/\/nutricionparavivirmejor.ucr.ac.cr\/","name":"PREANU","description":"Programa de Educaci\u00f3n y Atenci\u00f3n Nutricional Universitario","publisher":{"@id":"https:\/\/nutricionparavivirmejor.ucr.ac.cr\/#organization"},"potentialAction":[{"@type":"SearchAction","target":{"@type":"EntryPoint","urlTemplate":"https:\/\/nutricionparavivirmejor.ucr.ac.cr\/?s={search_term_string}"},"query-input":{"@type":"PropertyValueSpecification","valueRequired":true,"valueName":"search_term_string"}}],"inLanguage":"es"},{"@type":"Organization","@id":"https:\/\/nutricionparavivirmejor.ucr.ac.cr\/#organization","name":"PREANU","url":"https:\/\/nutricionparavivirmejor.ucr.ac.cr\/","logo":{"@type":"ImageObject","inLanguage":"es","@id":"https:\/\/nutricionparavivirmejor.ucr.ac.cr\/#\/schema\/logo\/image\/","url":"https:\/\/nutricionparavivirmejor.ucr.ac.cr\/wp-content\/uploads\/2023\/01\/ACRONIMOS-ENU-5.svg","contentUrl":"https:\/\/nutricionparavivirmejor.ucr.ac.cr\/wp-content\/uploads\/2023\/01\/ACRONIMOS-ENU-5.svg","width":300,"height":50,"caption":"PREANU"},"image":{"@id":"https:\/\/nutricionparavivirmejor.ucr.ac.cr\/#\/schema\/logo\/image\/"}}]}},"_links":{"self":[{"href":"https:\/\/nutricionparavivirmejor.ucr.ac.cr\/index.php\/wp-json\/wp\/v2\/pages\/121","targetHints":{"allow":["GET"]}}],"collection":[{"href":"https:\/\/nutricionparavivirmejor.ucr.ac.cr\/index.php\/wp-json\/wp\/v2\/pages"}],"about":[{"href":"https:\/\/nutricionparavivirmejor.ucr.ac.cr\/index.php\/wp-json\/wp\/v2\/types\/page"}],"author":[{"embeddable":true,"href":"https:\/\/nutricionparavivirmejor.ucr.ac.cr\/index.php\/wp-json\/wp\/v2\/users\/3"}],"replies":[{"embeddable":true,"href":"https:\/\/nutricionparavivirmejor.ucr.ac.cr\/index.php\/wp-json\/wp\/v2\/comments?post=121"}],"version-history":[{"count":25,"href":"https:\/\/nutricionparavivirmejor.ucr.ac.cr\/index.php\/wp-json\/wp\/v2\/pages\/121\/revisions"}],"predecessor-version":[{"id":1597,"href":"https:\/\/nutricionparavivirmejor.ucr.ac.cr\/index.php\/wp-json\/wp\/v2\/pages\/121\/revisions\/1597"}],"wp:attachment":[{"href":"https:\/\/nutricionparavivirmejor.ucr.ac.cr\/index.php\/wp-json\/wp\/v2\/media?parent=121"}],"curies":[{"name":"wp","href":"https:\/\/api.w.org\/{rel}","templated":true}]}}