{"id":199,"date":"2022-11-24T15:29:27","date_gmt":"2022-11-24T15:29:27","guid":{"rendered":"http:\/\/nutricion.ucr.ac.cr\/?page_id=199"},"modified":"2023-05-17T15:28:07","modified_gmt":"2023-05-17T15:28:07","slug":"recursos-educativos","status":"publish","type":"page","link":"https:\/\/nutricionparavivirmejor.ucr.ac.cr\/index.php\/recursos-educativos\/","title":{"rendered":"Recursos Educativos"},"content":{"rendered":"\t\t<div data-elementor-type=\"wp-page\" data-elementor-id=\"199\" class=\"elementor elementor-199\">\n\t\t\t\t\t\t<section class=\"elementor-section elementor-top-section elementor-element elementor-element-d203bf0 elementor-section-boxed elementor-section-height-default elementor-section-height-default\" data-id=\"d203bf0\" data-element_type=\"section\" data-e-type=\"section\">\n\t\t\t\t\t\t<div class=\"elementor-container elementor-column-gap-default\">\n\t\t\t\t\t<div class=\"elementor-column elementor-col-100 elementor-top-column elementor-element elementor-element-2e56e6e\" data-id=\"2e56e6e\" data-element_type=\"column\" data-e-type=\"column\">\n\t\t\t<div class=\"elementor-widget-wrap elementor-element-populated\">\n\t\t\t\t\t\t<div class=\"elementor-element elementor-element-c9ae61d elementor-widget elementor-widget-image\" data-id=\"c9ae61d\" data-element_type=\"widget\" data-e-type=\"widget\" data-widget_type=\"image.default\">\n\t\t\t\t<div class=\"elementor-widget-container\">\n\t\t\t\t\t\t\t\t\t\t\t\t\t\t\t<img fetchpriority=\"high\" decoding=\"async\" width=\"1024\" height=\"284\" src=\"https:\/\/nutricionparavivirmejor.ucr.ac.cr\/wp-content\/uploads\/2023\/02\/CINTIILLOS_PREANU-17-1024x284.png\" class=\"attachment-large size-large wp-image-1703\" alt=\"Recursos Educativos\" srcset=\"https:\/\/nutricionparavivirmejor.ucr.ac.cr\/wp-content\/uploads\/2023\/02\/CINTIILLOS_PREANU-17-1024x284.png 1024w, https:\/\/nutricionparavivirmejor.ucr.ac.cr\/wp-content\/uploads\/2023\/02\/CINTIILLOS_PREANU-17-300x83.png 300w, https:\/\/nutricionparavivirmejor.ucr.ac.cr\/wp-content\/uploads\/2023\/02\/CINTIILLOS_PREANU-17-768x213.png 768w, https:\/\/nutricionparavivirmejor.ucr.ac.cr\/wp-content\/uploads\/2023\/02\/CINTIILLOS_PREANU-17-1536x426.png 1536w, https:\/\/nutricionparavivirmejor.ucr.ac.cr\/wp-content\/uploads\/2023\/02\/CINTIILLOS_PREANU-17-2048x568.png 2048w\" sizes=\"(max-width: 1024px) 100vw, 1024px\" \/>\t\t\t\t\t\t\t\t\t\t\t\t\t\t\t<\/div>\n\t\t\t\t<\/div>\n\t\t\t\t\t<\/div>\n\t\t<\/div>\n\t\t\t\t\t<\/div>\n\t\t<\/section>\n\t\t\t\t<section class=\"elementor-section elementor-top-section elementor-element elementor-element-83e48c3 elementor-section-boxed elementor-section-height-default elementor-section-height-default\" data-id=\"83e48c3\" data-element_type=\"section\" data-e-type=\"section\">\n\t\t\t\t\t\t<div class=\"elementor-container elementor-column-gap-default\">\n\t\t\t\t\t<div class=\"elementor-column elementor-col-100 elementor-top-column elementor-element elementor-element-c001407\" data-id=\"c001407\" data-element_type=\"column\" data-e-type=\"column\">\n\t\t\t<div class=\"elementor-widget-wrap elementor-element-populated\">\n\t\t\t\t\t\t<div class=\"elementor-element elementor-element-3b47d79 elementor-widget elementor-widget-text-editor\" data-id=\"3b47d79\" data-element_type=\"widget\" data-e-type=\"widget\" data-widget_type=\"text-editor.default\">\n\t\t\t\t<div class=\"elementor-widget-container\">\n\t\t\t\t\t\t\t\t\t<p><span class=\"TextRun Highlight SCXW184064736 BCX0\" lang=\"ES-CR\" xml:lang=\"ES-CR\" data-contrast=\"none\"><span class=\"NormalTextRun SCXW184064736 BCX0\" data-ccp-parastyle=\"Normal (Web)\">Repositorio de materiales educativos en l\u00ednea en la modalidad de recetarios, gu\u00edas did\u00e1cticas, juegos, videos cortos, entre otros; para contribuir a la promoci\u00f3n de una alimentaci\u00f3n saludable en diferentes \u00e1mbitos, por ejemplo: centros educativos, centros de trabajo, diferentes etapas del curso de la vida.<\/span><\/span><span class=\"EOP SCXW184064736 BCX0\" data-ccp-props=\"{&quot;134233117&quot;:false,&quot;134233118&quot;:false,&quot;201341983&quot;:0,&quot;335551550&quot;:6,&quot;335551620&quot;:6,&quot;335559738&quot;:0,&quot;335559739&quot;:0,&quot;335559740&quot;:240}\">\u00a0<\/span><\/p>\t\t\t\t\t\t\t\t<\/div>\n\t\t\t\t<\/div>\n\t\t\t\t\t<\/div>\n\t\t<\/div>\n\t\t\t\t\t<\/div>\n\t\t<\/section>\n\t\t\t\t<section class=\"elementor-section elementor-top-section elementor-element elementor-element-de9883d elementor-section-boxed elementor-section-height-default elementor-section-height-default\" data-id=\"de9883d\" data-element_type=\"section\" data-e-type=\"section\">\n\t\t\t\t\t\t<div class=\"elementor-container elementor-column-gap-default\">\n\t\t\t\t\t<div class=\"elementor-column elementor-col-100 elementor-top-column elementor-element elementor-element-d949d32\" data-id=\"d949d32\" data-element_type=\"column\" data-e-type=\"column\">\n\t\t\t<div class=\"elementor-widget-wrap elementor-element-populated\">\n\t\t\t\t\t\t<div class=\"elementor-element elementor-element-cad3f49 elementor-widget-divider--view-line elementor-widget elementor-widget-divider\" data-id=\"cad3f49\" data-element_type=\"widget\" data-e-type=\"widget\" data-widget_type=\"divider.default\">\n\t\t\t\t<div class=\"elementor-widget-container\">\n\t\t\t\t\t\t\t<div class=\"elementor-divider\">\n\t\t\t<span class=\"elementor-divider-separator\">\n\t\t\t\t\t\t<\/span>\n\t\t<\/div>\n\t\t\t\t\t\t<\/div>\n\t\t\t\t<\/div>\n\t\t\t\t\t<\/div>\n\t\t<\/div>\n\t\t\t\t\t<\/div>\n\t\t<\/section>\n\t\t\t\t<section class=\"elementor-section elementor-top-section elementor-element elementor-element-512f099 elementor-section-boxed elementor-section-height-default elementor-section-height-default\" data-id=\"512f099\" data-element_type=\"section\" data-e-type=\"section\">\n\t\t\t\t\t\t<div class=\"elementor-container elementor-column-gap-default\">\n\t\t\t\t\t<div class=\"elementor-column elementor-col-33 elementor-top-column elementor-element elementor-element-6c95378\" data-id=\"6c95378\" data-element_type=\"column\" data-e-type=\"column\">\n\t\t\t<div class=\"elementor-widget-wrap elementor-element-populated\">\n\t\t\t\t\t\t<div class=\"elementor-element elementor-element-503a81d elementor-widget elementor-widget-image\" data-id=\"503a81d\" data-element_type=\"widget\" data-e-type=\"widget\" data-widget_type=\"image.default\">\n\t\t\t\t<div class=\"elementor-widget-container\">\n\t\t\t\t\t\t\t\t\t\t\t\t\t\t\t\t<a href=\"https:\/\/nutricionparavivirmejor.ucr.ac.cr\/index.php\/videos\/\" target=\"_blank\">\n\t\t\t\t\t\t\t<img decoding=\"async\" src=\"https:\/\/nutricionparavivirmejor.ucr.ac.cr\/wp-content\/uploads\/elementor\/thumbs\/boton_videos-q4ygpvrf2ppkewm0bed11xwnxfgwawzzt2onkx3wsw.png\" title=\"boton_videos\" alt=\"boton_videos\" loading=\"lazy\" \/>\t\t\t\t\t\t\t\t<\/a>\n\t\t\t\t\t\t\t\t\t\t\t\t\t\t\t<\/div>\n\t\t\t\t<\/div>\n\t\t\t\t\t<\/div>\n\t\t<\/div>\n\t\t\t\t<div class=\"elementor-column elementor-col-33 elementor-top-column elementor-element elementor-element-15e634e\" data-id=\"15e634e\" data-element_type=\"column\" data-e-type=\"column\">\n\t\t\t<div class=\"elementor-widget-wrap elementor-element-populated\">\n\t\t\t\t\t\t<div class=\"elementor-element elementor-element-733438c elementor-widget elementor-widget-image\" data-id=\"733438c\" data-element_type=\"widget\" data-e-type=\"widget\" data-widget_type=\"image.default\">\n\t\t\t\t<div class=\"elementor-widget-container\">\n\t\t\t\t\t\t\t\t\t\t\t\t\t\t\t\t<a href=\"https:\/\/nutricionparavivirmejor.ucr.ac.cr\/index.php\/material-educativo\/\">\n\t\t\t\t\t\t\t<img decoding=\"async\" src=\"https:\/\/nutricionparavivirmejor.ucr.ac.cr\/wp-content\/uploads\/elementor\/thumbs\/boton_materiales-q4ygqtllwqzw0v8utszljpd9bau400qbxq64uvpqkw.png\" title=\"boton_materiales\" alt=\"boton_materiales\" loading=\"lazy\" \/>\t\t\t\t\t\t\t\t<\/a>\n\t\t\t\t\t\t\t\t\t\t\t\t\t\t\t<\/div>\n\t\t\t\t<\/div>\n\t\t\t\t\t<\/div>\n\t\t<\/div>\n\t\t\t\t<div class=\"elementor-column elementor-col-33 elementor-top-column elementor-element elementor-element-4bd7595\" data-id=\"4bd7595\" data-element_type=\"column\" data-e-type=\"column\">\n\t\t\t<div class=\"elementor-widget-wrap elementor-element-populated\">\n\t\t\t\t\t\t<div class=\"elementor-element elementor-element-1029a13 elementor-widget elementor-widget-image\" data-id=\"1029a13\" data-element_type=\"widget\" data-e-type=\"widget\" data-widget_type=\"image.default\">\n\t\t\t\t<div class=\"elementor-widget-container\">\n\t\t\t\t\t\t\t\t\t\t\t\t\t\t\t\t<a href=\"https:\/\/nutricionparavivirmejor.ucr.ac.cr\/index.php\/recetarios\/\">\n\t\t\t\t\t\t\t<img decoding=\"async\" src=\"https:\/\/nutricionparavivirmejor.ucr.ac.cr\/wp-content\/uploads\/elementor\/thumbs\/boton_recetario-q4ygsmgh0bgo9ymnb30utr02avyfr4vt6n6myz1knk.png\" title=\"boton_recetario\" alt=\"boton_recetario\" loading=\"lazy\" \/>\t\t\t\t\t\t\t\t<\/a>\n\t\t\t\t\t\t\t\t\t\t\t\t\t\t\t<\/div>\n\t\t\t\t<\/div>\n\t\t\t\t\t<\/div>\n\t\t<\/div>\n\t\t\t\t\t<\/div>\n\t\t<\/section>\n\t\t\t\t<\/div>\n\t\t","protected":false},"excerpt":{"rendered":"<p>Repositorio de materiales educativos en l\u00ednea en la modalidad de recetarios, gu\u00edas did\u00e1cticas, juegos, videos cortos, entre otros; para contribuir a la promoci\u00f3n de una alimentaci\u00f3n saludable en diferentes \u00e1mbitos, por ejemplo: centros educativos, centros de trabajo, diferentes etapas del curso de la vida.\u00a0<\/p>\n","protected":false},"author":3,"featured_media":0,"parent":0,"menu_order":0,"comment_status":"closed","ping_status":"closed","template":"","meta":{"_eb_attr":"","inline_featured_image":false,"ngg_post_thumbnail":0,"footnotes":""},"class_list":["post-199","page","type-page","status-publish","hentry"],"yoast_head":"<!-- This site is optimized with the Yoast SEO plugin v27.6 - https:\/\/yoast.com\/product\/yoast-seo-wordpress\/ -->\n<title>Recursos Educativos - PREANU<\/title>\n<meta name=\"robots\" content=\"index, follow, max-snippet:-1, max-image-preview:large, max-video-preview:-1\" \/>\n<link rel=\"canonical\" href=\"https:\/\/nutricionparavivirmejor.ucr.ac.cr\/index.php\/recursos-educativos\/\" \/>\n<meta property=\"og:locale\" content=\"es_MX\" \/>\n<meta property=\"og:type\" content=\"article\" \/>\n<meta property=\"og:title\" content=\"Recursos Educativos - PREANU\" \/>\n<meta property=\"og:description\" content=\"Repositorio de materiales educativos en l\u00ednea en la modalidad de recetarios, gu\u00edas did\u00e1cticas, juegos, videos cortos, entre otros; para contribuir a la promoci\u00f3n de una alimentaci\u00f3n saludable en diferentes \u00e1mbitos, por ejemplo: centros educativos, centros de trabajo, diferentes etapas del curso de la vida.\u00a0\" \/>\n<meta property=\"og:url\" content=\"https:\/\/nutricionparavivirmejor.ucr.ac.cr\/index.php\/recursos-educativos\/\" \/>\n<meta property=\"og:site_name\" content=\"PREANU\" \/>\n<meta property=\"article:modified_time\" content=\"2023-05-17T15:28:07+00:00\" \/>\n<meta property=\"og:image\" content=\"https:\/\/nutricionparavivirmejor.ucr.ac.cr\/wp-content\/uploads\/2023\/02\/CINTIILLOS_PREANU-17-1024x284.png\" \/>\n<meta name=\"twitter:card\" content=\"summary_large_image\" \/>\n<meta name=\"twitter:label1\" content=\"Tiempo de lectura\" \/>\n\t<meta name=\"twitter:data1\" content=\"2 minutos\" \/>\n<script type=\"application\/ld+json\" class=\"yoast-schema-graph\">{\"@context\":\"https:\\\/\\\/schema.org\",\"@graph\":[{\"@type\":\"WebPage\",\"@id\":\"https:\\\/\\\/nutricionparavivirmejor.ucr.ac.cr\\\/index.php\\\/recursos-educativos\\\/\",\"url\":\"https:\\\/\\\/nutricionparavivirmejor.ucr.ac.cr\\\/index.php\\\/recursos-educativos\\\/\",\"name\":\"Recursos Educativos - PREANU\",\"isPartOf\":{\"@id\":\"https:\\\/\\\/nutricionparavivirmejor.ucr.ac.cr\\\/#website\"},\"primaryImageOfPage\":{\"@id\":\"https:\\\/\\\/nutricionparavivirmejor.ucr.ac.cr\\\/index.php\\\/recursos-educativos\\\/#primaryimage\"},\"image\":{\"@id\":\"https:\\\/\\\/nutricionparavivirmejor.ucr.ac.cr\\\/index.php\\\/recursos-educativos\\\/#primaryimage\"},\"thumbnailUrl\":\"https:\\\/\\\/nutricionparavivirmejor.ucr.ac.cr\\\/wp-content\\\/uploads\\\/2023\\\/02\\\/CINTIILLOS_PREANU-17-1024x284.png\",\"datePublished\":\"2022-11-24T15:29:27+00:00\",\"dateModified\":\"2023-05-17T15:28:07+00:00\",\"breadcrumb\":{\"@id\":\"https:\\\/\\\/nutricionparavivirmejor.ucr.ac.cr\\\/index.php\\\/recursos-educativos\\\/#breadcrumb\"},\"inLanguage\":\"es\",\"potentialAction\":[{\"@type\":\"ReadAction\",\"target\":[\"https:\\\/\\\/nutricionparavivirmejor.ucr.ac.cr\\\/index.php\\\/recursos-educativos\\\/\"]}]},{\"@type\":\"ImageObject\",\"inLanguage\":\"es\",\"@id\":\"https:\\\/\\\/nutricionparavivirmejor.ucr.ac.cr\\\/index.php\\\/recursos-educativos\\\/#primaryimage\",\"url\":\"https:\\\/\\\/nutricionparavivirmejor.ucr.ac.cr\\\/wp-content\\\/uploads\\\/2023\\\/02\\\/CINTIILLOS_PREANU-17.png\",\"contentUrl\":\"https:\\\/\\\/nutricionparavivirmejor.ucr.ac.cr\\\/wp-content\\\/uploads\\\/2023\\\/02\\\/CINTIILLOS_PREANU-17.png\",\"width\":5159,\"height\":1431,\"caption\":\"Recursos Educativos\"},{\"@type\":\"BreadcrumbList\",\"@id\":\"https:\\\/\\\/nutricionparavivirmejor.ucr.ac.cr\\\/index.php\\\/recursos-educativos\\\/#breadcrumb\",\"itemListElement\":[{\"@type\":\"ListItem\",\"position\":1,\"name\":\"Portada\",\"item\":\"https:\\\/\\\/nutricionparavivirmejor.ucr.ac.cr\\\/\"},{\"@type\":\"ListItem\",\"position\":2,\"name\":\"Recursos Educativos\"}]},{\"@type\":\"WebSite\",\"@id\":\"https:\\\/\\\/nutricionparavivirmejor.ucr.ac.cr\\\/#website\",\"url\":\"https:\\\/\\\/nutricionparavivirmejor.ucr.ac.cr\\\/\",\"name\":\"PREANU\",\"description\":\"Programa de Educaci\u00f3n y Atenci\u00f3n Nutricional Universitario\",\"publisher\":{\"@id\":\"https:\\\/\\\/nutricionparavivirmejor.ucr.ac.cr\\\/#organization\"},\"potentialAction\":[{\"@type\":\"SearchAction\",\"target\":{\"@type\":\"EntryPoint\",\"urlTemplate\":\"https:\\\/\\\/nutricionparavivirmejor.ucr.ac.cr\\\/?s={search_term_string}\"},\"query-input\":{\"@type\":\"PropertyValueSpecification\",\"valueRequired\":true,\"valueName\":\"search_term_string\"}}],\"inLanguage\":\"es\"},{\"@type\":\"Organization\",\"@id\":\"https:\\\/\\\/nutricionparavivirmejor.ucr.ac.cr\\\/#organization\",\"name\":\"PREANU\",\"url\":\"https:\\\/\\\/nutricionparavivirmejor.ucr.ac.cr\\\/\",\"logo\":{\"@type\":\"ImageObject\",\"inLanguage\":\"es\",\"@id\":\"https:\\\/\\\/nutricionparavivirmejor.ucr.ac.cr\\\/#\\\/schema\\\/logo\\\/image\\\/\",\"url\":\"https:\\\/\\\/nutricionparavivirmejor.ucr.ac.cr\\\/wp-content\\\/uploads\\\/2023\\\/01\\\/ACRONIMOS-ENU-5.svg\",\"contentUrl\":\"https:\\\/\\\/nutricionparavivirmejor.ucr.ac.cr\\\/wp-content\\\/uploads\\\/2023\\\/01\\\/ACRONIMOS-ENU-5.svg\",\"width\":300,\"height\":50,\"caption\":\"PREANU\"},\"image\":{\"@id\":\"https:\\\/\\\/nutricionparavivirmejor.ucr.ac.cr\\\/#\\\/schema\\\/logo\\\/image\\\/\"}}]}<\/script>\n<!-- \/ Yoast SEO plugin. -->","yoast_head_json":{"title":"Recursos Educativos - PREANU","robots":{"index":"index","follow":"follow","max-snippet":"max-snippet:-1","max-image-preview":"max-image-preview:large","max-video-preview":"max-video-preview:-1"},"canonical":"https:\/\/nutricionparavivirmejor.ucr.ac.cr\/index.php\/recursos-educativos\/","og_locale":"es_MX","og_type":"article","og_title":"Recursos Educativos - PREANU","og_description":"Repositorio de materiales educativos en l\u00ednea en la modalidad de recetarios, gu\u00edas did\u00e1cticas, juegos, videos cortos, entre otros; para contribuir a la promoci\u00f3n de una alimentaci\u00f3n saludable en diferentes \u00e1mbitos, por ejemplo: centros educativos, centros de trabajo, diferentes etapas del curso de la vida.\u00a0","og_url":"https:\/\/nutricionparavivirmejor.ucr.ac.cr\/index.php\/recursos-educativos\/","og_site_name":"PREANU","article_modified_time":"2023-05-17T15:28:07+00:00","og_image":[{"url":"https:\/\/nutricionparavivirmejor.ucr.ac.cr\/wp-content\/uploads\/2023\/02\/CINTIILLOS_PREANU-17-1024x284.png","type":"","width":"","height":""}],"twitter_card":"summary_large_image","twitter_misc":{"Tiempo de lectura":"2 minutos"},"schema":{"@context":"https:\/\/schema.org","@graph":[{"@type":"WebPage","@id":"https:\/\/nutricionparavivirmejor.ucr.ac.cr\/index.php\/recursos-educativos\/","url":"https:\/\/nutricionparavivirmejor.ucr.ac.cr\/index.php\/recursos-educativos\/","name":"Recursos Educativos - PREANU","isPartOf":{"@id":"https:\/\/nutricionparavivirmejor.ucr.ac.cr\/#website"},"primaryImageOfPage":{"@id":"https:\/\/nutricionparavivirmejor.ucr.ac.cr\/index.php\/recursos-educativos\/#primaryimage"},"image":{"@id":"https:\/\/nutricionparavivirmejor.ucr.ac.cr\/index.php\/recursos-educativos\/#primaryimage"},"thumbnailUrl":"https:\/\/nutricionparavivirmejor.ucr.ac.cr\/wp-content\/uploads\/2023\/02\/CINTIILLOS_PREANU-17-1024x284.png","datePublished":"2022-11-24T15:29:27+00:00","dateModified":"2023-05-17T15:28:07+00:00","breadcrumb":{"@id":"https:\/\/nutricionparavivirmejor.ucr.ac.cr\/index.php\/recursos-educativos\/#breadcrumb"},"inLanguage":"es","potentialAction":[{"@type":"ReadAction","target":["https:\/\/nutricionparavivirmejor.ucr.ac.cr\/index.php\/recursos-educativos\/"]}]},{"@type":"ImageObject","inLanguage":"es","@id":"https:\/\/nutricionparavivirmejor.ucr.ac.cr\/index.php\/recursos-educativos\/#primaryimage","url":"https:\/\/nutricionparavivirmejor.ucr.ac.cr\/wp-content\/uploads\/2023\/02\/CINTIILLOS_PREANU-17.png","contentUrl":"https:\/\/nutricionparavivirmejor.ucr.ac.cr\/wp-content\/uploads\/2023\/02\/CINTIILLOS_PREANU-17.png","width":5159,"height":1431,"caption":"Recursos Educativos"},{"@type":"BreadcrumbList","@id":"https:\/\/nutricionparavivirmejor.ucr.ac.cr\/index.php\/recursos-educativos\/#breadcrumb","itemListElement":[{"@type":"ListItem","position":1,"name":"Portada","item":"https:\/\/nutricionparavivirmejor.ucr.ac.cr\/"},{"@type":"ListItem","position":2,"name":"Recursos Educativos"}]},{"@type":"WebSite","@id":"https:\/\/nutricionparavivirmejor.ucr.ac.cr\/#website","url":"https:\/\/nutricionparavivirmejor.ucr.ac.cr\/","name":"PREANU","description":"Programa de Educaci\u00f3n y Atenci\u00f3n Nutricional Universitario","publisher":{"@id":"https:\/\/nutricionparavivirmejor.ucr.ac.cr\/#organization"},"potentialAction":[{"@type":"SearchAction","target":{"@type":"EntryPoint","urlTemplate":"https:\/\/nutricionparavivirmejor.ucr.ac.cr\/?s={search_term_string}"},"query-input":{"@type":"PropertyValueSpecification","valueRequired":true,"valueName":"search_term_string"}}],"inLanguage":"es"},{"@type":"Organization","@id":"https:\/\/nutricionparavivirmejor.ucr.ac.cr\/#organization","name":"PREANU","url":"https:\/\/nutricionparavivirmejor.ucr.ac.cr\/","logo":{"@type":"ImageObject","inLanguage":"es","@id":"https:\/\/nutricionparavivirmejor.ucr.ac.cr\/#\/schema\/logo\/image\/","url":"https:\/\/nutricionparavivirmejor.ucr.ac.cr\/wp-content\/uploads\/2023\/01\/ACRONIMOS-ENU-5.svg","contentUrl":"https:\/\/nutricionparavivirmejor.ucr.ac.cr\/wp-content\/uploads\/2023\/01\/ACRONIMOS-ENU-5.svg","width":300,"height":50,"caption":"PREANU"},"image":{"@id":"https:\/\/nutricionparavivirmejor.ucr.ac.cr\/#\/schema\/logo\/image\/"}}]}},"_links":{"self":[{"href":"https:\/\/nutricionparavivirmejor.ucr.ac.cr\/index.php\/wp-json\/wp\/v2\/pages\/199","targetHints":{"allow":["GET"]}}],"collection":[{"href":"https:\/\/nutricionparavivirmejor.ucr.ac.cr\/index.php\/wp-json\/wp\/v2\/pages"}],"about":[{"href":"https:\/\/nutricionparavivirmejor.ucr.ac.cr\/index.php\/wp-json\/wp\/v2\/types\/page"}],"author":[{"embeddable":true,"href":"https:\/\/nutricionparavivirmejor.ucr.ac.cr\/index.php\/wp-json\/wp\/v2\/users\/3"}],"replies":[{"embeddable":true,"href":"https:\/\/nutricionparavivirmejor.ucr.ac.cr\/index.php\/wp-json\/wp\/v2\/comments?post=199"}],"version-history":[{"count":70,"href":"https:\/\/nutricionparavivirmejor.ucr.ac.cr\/index.php\/wp-json\/wp\/v2\/pages\/199\/revisions"}],"predecessor-version":[{"id":2960,"href":"https:\/\/nutricionparavivirmejor.ucr.ac.cr\/index.php\/wp-json\/wp\/v2\/pages\/199\/revisions\/2960"}],"wp:attachment":[{"href":"https:\/\/nutricionparavivirmejor.ucr.ac.cr\/index.php\/wp-json\/wp\/v2\/media?parent=199"}],"curies":[{"name":"wp","href":"https:\/\/api.w.org\/{rel}","templated":true}]}}