{"id":244,"date":"2022-11-30T14:57:32","date_gmt":"2022-11-30T14:57:32","guid":{"rendered":"http:\/\/nutricion.ucr.ac.cr\/?page_id=244"},"modified":"2024-01-09T20:21:22","modified_gmt":"2024-01-09T20:21:22","slug":"consejerias","status":"publish","type":"page","link":"https:\/\/nutricionparavivirmejor.ucr.ac.cr\/index.php\/consejerias\/","title":{"rendered":"Consejer\u00eda Nutricional"},"content":{"rendered":"\t\t<div data-elementor-type=\"wp-page\" data-elementor-id=\"244\" class=\"elementor elementor-244\">\n\t\t\t\t\t\t<section class=\"elementor-section elementor-top-section elementor-element elementor-element-cb7d488 elementor-section-boxed elementor-section-height-default elementor-section-height-default\" data-id=\"cb7d488\" data-element_type=\"section\" data-e-type=\"section\">\n\t\t\t\t\t\t<div class=\"elementor-container elementor-column-gap-default\">\n\t\t\t\t\t<div class=\"elementor-column elementor-col-100 elementor-top-column elementor-element elementor-element-225c1c8\" data-id=\"225c1c8\" data-element_type=\"column\" data-e-type=\"column\">\n\t\t\t<div class=\"elementor-widget-wrap elementor-element-populated\">\n\t\t\t\t\t\t<div class=\"elementor-element elementor-element-cb4994f elementor-widget elementor-widget-image\" data-id=\"cb4994f\" data-element_type=\"widget\" data-e-type=\"widget\" data-widget_type=\"image.default\">\n\t\t\t\t<div class=\"elementor-widget-container\">\n\t\t\t\t\t\t\t\t\t\t\t\t\t\t\t<img fetchpriority=\"high\" decoding=\"async\" width=\"1024\" height=\"284\" src=\"https:\/\/nutricionparavivirmejor.ucr.ac.cr\/wp-content\/uploads\/2023\/02\/CINTIILLOS_PREANU-9-1024x284.png\" class=\"attachment-large size-large wp-image-1664\" alt=\"Consejer\u00edas\" srcset=\"https:\/\/nutricionparavivirmejor.ucr.ac.cr\/wp-content\/uploads\/2023\/02\/CINTIILLOS_PREANU-9-1024x284.png 1024w, https:\/\/nutricionparavivirmejor.ucr.ac.cr\/wp-content\/uploads\/2023\/02\/CINTIILLOS_PREANU-9-300x83.png 300w, https:\/\/nutricionparavivirmejor.ucr.ac.cr\/wp-content\/uploads\/2023\/02\/CINTIILLOS_PREANU-9-768x213.png 768w, https:\/\/nutricionparavivirmejor.ucr.ac.cr\/wp-content\/uploads\/2023\/02\/CINTIILLOS_PREANU-9-1536x426.png 1536w, https:\/\/nutricionparavivirmejor.ucr.ac.cr\/wp-content\/uploads\/2023\/02\/CINTIILLOS_PREANU-9-2048x568.png 2048w\" sizes=\"(max-width: 1024px) 100vw, 1024px\" \/>\t\t\t\t\t\t\t\t\t\t\t\t\t\t\t<\/div>\n\t\t\t\t<\/div>\n\t\t\t\t\t<\/div>\n\t\t<\/div>\n\t\t\t\t\t<\/div>\n\t\t<\/section>\n\t\t\t\t<section class=\"elementor-section elementor-top-section elementor-element elementor-element-b336e0c elementor-section-boxed elementor-section-height-default elementor-section-height-default\" data-id=\"b336e0c\" data-element_type=\"section\" data-e-type=\"section\">\n\t\t\t\t\t\t<div class=\"elementor-container elementor-column-gap-default\">\n\t\t\t\t\t<div class=\"elementor-column elementor-col-100 elementor-top-column elementor-element elementor-element-f1c7038\" data-id=\"f1c7038\" data-element_type=\"column\" data-e-type=\"column\">\n\t\t\t<div class=\"elementor-widget-wrap elementor-element-populated\">\n\t\t\t\t\t\t<div class=\"elementor-element elementor-element-450595b elementor-widget elementor-widget-text-editor\" data-id=\"450595b\" data-element_type=\"widget\" data-e-type=\"widget\" data-widget_type=\"text-editor.default\">\n\t\t\t\t<div class=\"elementor-widget-container\">\n\t\t\t\t\t\t\t\t\t<p><span class=\"TextRun SCXW248850885 BCX0\" lang=\"ES-ES\" xml:lang=\"ES-ES\" data-contrast=\"auto\"><span class=\"NormalTextRun SCXW248850885 BCX0\">Es el servicio de apoyo a personas que requieren informaci\u00f3n o recomendaciones espec\u00edficas para mejorar su situaci\u00f3n nutricional, que no implica valoraci\u00f3n nutricional ni seguimiento de tratamientos. El servicio de consejer\u00eda se puede realizar v\u00eda telef\u00f3nica, presencial o virtual. Actualmente se ofrece la Consejer\u00eda en Lactancia Materna, dirigida a madres lactantes y familiares.\u202f<\/span><\/span><span class=\"EOP SCXW248850885 BCX0\" data-ccp-props=\"{&quot;201341983&quot;:0,&quot;335559739&quot;:160,&quot;335559740&quot;:259}\">\u00a0<\/span><\/p>\t\t\t\t\t\t\t\t<\/div>\n\t\t\t\t<\/div>\n\t\t\t\t\t<\/div>\n\t\t<\/div>\n\t\t\t\t\t<\/div>\n\t\t<\/section>\n\t\t\t\t<section class=\"elementor-section elementor-top-section elementor-element elementor-element-1070ac3 elementor-section-boxed elementor-section-height-default elementor-section-height-default\" data-id=\"1070ac3\" data-element_type=\"section\" data-e-type=\"section\">\n\t\t\t\t\t\t<div class=\"elementor-container elementor-column-gap-default\">\n\t\t\t\t\t<div class=\"elementor-column elementor-col-100 elementor-top-column elementor-element elementor-element-42878fe\" data-id=\"42878fe\" data-element_type=\"column\" data-e-type=\"column\">\n\t\t\t<div class=\"elementor-widget-wrap elementor-element-populated\">\n\t\t\t\t\t\t<div class=\"elementor-element elementor-element-1495444 elementor-widget elementor-widget-text-editor\" data-id=\"1495444\" data-element_type=\"widget\" data-e-type=\"widget\" data-widget_type=\"text-editor.default\">\n\t\t\t\t<div class=\"elementor-widget-container\">\n\t\t\t\t\t\t\t\t\t<p>\n<div class=\"wpcf7 no-js\" id=\"wpcf7-f796-o1\" lang=\"es-CR\" dir=\"ltr\" data-wpcf7-id=\"796\">\n<div class=\"screen-reader-response\"><p role=\"status\" aria-live=\"polite\" aria-atomic=\"true\"><\/p> <ul><\/ul><\/div>\n<form action=\"\/index.php\/wp-json\/wp\/v2\/pages\/244#wpcf7-f796-o1\" method=\"post\" class=\"wpcf7-form init\" aria-label=\"Contact form\" novalidate=\"novalidate\" data-status=\"init\">\n<fieldset class=\"hidden-fields-container\"><input type=\"hidden\" name=\"_wpcf7\" value=\"796\" \/><input type=\"hidden\" name=\"_wpcf7_version\" value=\"6.1.5\" \/><input type=\"hidden\" name=\"_wpcf7_locale\" value=\"es_CR\" \/><input type=\"hidden\" name=\"_wpcf7_unit_tag\" value=\"wpcf7-f796-o1\" \/><input type=\"hidden\" name=\"_wpcf7_container_post\" value=\"0\" \/><input type=\"hidden\" name=\"_wpcf7_posted_data_hash\" value=\"\" \/>\n<\/fieldset>\n<p><label> Nombre Completo:<br \/>\n<span class=\"wpcf7-form-control-wrap\" data-name=\"your-name\"><input size=\"40\" maxlength=\"400\" class=\"wpcf7-form-control wpcf7-text wpcf7-validates-as-required\" aria-required=\"true\" aria-invalid=\"false\" value=\"\" type=\"text\" name=\"your-name\" \/><\/span> <\/label>\n<\/p>\n<p><label> Correo electr\u00f3nico:<br \/>\n<span class=\"wpcf7-form-control-wrap\" data-name=\"your-email\"><input size=\"40\" maxlength=\"400\" class=\"wpcf7-form-control wpcf7-email wpcf7-validates-as-required wpcf7-text wpcf7-validates-as-email\" aria-required=\"true\" aria-invalid=\"false\" value=\"\" type=\"email\" name=\"your-email\" \/><\/span> <\/label>\n<\/p>\n<p><label> Tel\u00e9fono:<br \/>\n<span class=\"wpcf7-form-control-wrap\" data-name=\"tel-874\"><input size=\"40\" maxlength=\"400\" class=\"wpcf7-form-control wpcf7-tel wpcf7-validates-as-required wpcf7-text wpcf7-validates-as-tel\" aria-required=\"true\" aria-invalid=\"false\" value=\"\" type=\"tel\" name=\"tel-874\" \/><\/span> <\/label>\n<\/p>\n<p><label> \u00bfC\u00f3mo podemos ayudarle?<br \/>\n<span class=\"wpcf7-form-control-wrap\" data-name=\"your-message\"><textarea cols=\"40\" rows=\"10\" maxlength=\"2000\" class=\"wpcf7-form-control wpcf7-textarea\" aria-invalid=\"false\" name=\"your-message\"><\/textarea><\/span> <\/label>\n<\/p>\n<p><input class=\"wpcf7-form-control wpcf7-submit has-spinner\" type=\"submit\" value=\"Enviar\" \/>\n<\/p><p style=\"display: none !important;\" class=\"akismet-fields-container\" data-prefix=\"_wpcf7_ak_\"><label>&#916;<textarea name=\"_wpcf7_ak_hp_textarea\" cols=\"45\" rows=\"8\" maxlength=\"100\"><\/textarea><\/label><input type=\"hidden\" id=\"ak_js_1\" name=\"_wpcf7_ak_js\" value=\"117\"\/><script>document.getElementById( \"ak_js_1\" ).setAttribute( \"value\", ( new Date() ).getTime() );<\/script><\/p><div class=\"wpcf7-response-output\" aria-hidden=\"true\"><\/div>\n<\/form>\n<\/div>\n<\/p>\t\t\t\t\t\t\t\t<\/div>\n\t\t\t\t<\/div>\n\t\t\t\t\t<\/div>\n\t\t<\/div>\n\t\t\t\t\t<\/div>\n\t\t<\/section>\n\t\t\t\t<section class=\"elementor-section elementor-top-section elementor-element elementor-element-282a974 elementor-section-boxed elementor-section-height-default elementor-section-height-default\" data-id=\"282a974\" data-element_type=\"section\" data-e-type=\"section\">\n\t\t\t\t\t\t<div class=\"elementor-container elementor-column-gap-default\">\n\t\t\t\t\t<div class=\"elementor-column elementor-col-100 elementor-top-column elementor-element elementor-element-b43d954\" data-id=\"b43d954\" data-element_type=\"column\" data-e-type=\"column\">\n\t\t\t<div class=\"elementor-widget-wrap elementor-element-populated\">\n\t\t\t\t\t\t<div class=\"elementor-element elementor-element-edd6f17 elementor-widget elementor-widget-spacer\" data-id=\"edd6f17\" data-element_type=\"widget\" data-e-type=\"widget\" data-widget_type=\"spacer.default\">\n\t\t\t\t<div class=\"elementor-widget-container\">\n\t\t\t\t\t\t\t<div class=\"elementor-spacer\">\n\t\t\t<div class=\"elementor-spacer-inner\"><\/div>\n\t\t<\/div>\n\t\t\t\t\t\t<\/div>\n\t\t\t\t<\/div>\n\t\t\t\t\t<\/div>\n\t\t<\/div>\n\t\t\t\t\t<\/div>\n\t\t<\/section>\n\t\t\t\t<section class=\"elementor-section elementor-top-section elementor-element elementor-element-4e0caaf elementor-section-boxed elementor-section-height-default elementor-section-height-default\" data-id=\"4e0caaf\" data-element_type=\"section\" data-e-type=\"section\">\n\t\t\t\t\t\t<div class=\"elementor-container elementor-column-gap-default\">\n\t\t\t\t\t<div class=\"elementor-column elementor-col-100 elementor-top-column elementor-element elementor-element-a6b2e97\" data-id=\"a6b2e97\" data-element_type=\"column\" data-e-type=\"column\">\n\t\t\t<div class=\"elementor-widget-wrap elementor-element-populated\">\n\t\t\t\t\t\t<div class=\"elementor-element elementor-element-47e05ce elementor-widget elementor-widget-image\" data-id=\"47e05ce\" data-element_type=\"widget\" data-e-type=\"widget\" data-widget_type=\"image.default\">\n\t\t\t\t<div class=\"elementor-widget-container\">\n\t\t\t\t\t\t\t\t\t\t\t\t\t\t\t<img decoding=\"async\" width=\"768\" height=\"768\" src=\"https:\/\/nutricionparavivirmejor.ucr.ac.cr\/wp-content\/uploads\/2024\/01\/Consejeria-LM-768x768.png\" class=\"attachment-medium_large size-medium_large wp-image-3125\" alt=\"\" srcset=\"https:\/\/nutricionparavivirmejor.ucr.ac.cr\/wp-content\/uploads\/2024\/01\/Consejeria-LM-768x768.png 768w, https:\/\/nutricionparavivirmejor.ucr.ac.cr\/wp-content\/uploads\/2024\/01\/Consejeria-LM-300x300.png 300w, https:\/\/nutricionparavivirmejor.ucr.ac.cr\/wp-content\/uploads\/2024\/01\/Consejeria-LM-1024x1024.png 1024w, https:\/\/nutricionparavivirmejor.ucr.ac.cr\/wp-content\/uploads\/2024\/01\/Consejeria-LM-150x150.png 150w, https:\/\/nutricionparavivirmejor.ucr.ac.cr\/wp-content\/uploads\/2024\/01\/Consejeria-LM.png 1080w\" sizes=\"(max-width: 768px) 100vw, 768px\" \/>\t\t\t\t\t\t\t\t\t\t\t\t\t\t\t<\/div>\n\t\t\t\t<\/div>\n\t\t\t\t\t<\/div>\n\t\t<\/div>\n\t\t\t\t\t<\/div>\n\t\t<\/section>\n\t\t\t\t<\/div>\n\t\t","protected":false},"excerpt":{"rendered":"<p>Es el servicio de apoyo a personas que requieren informaci\u00f3n o recomendaciones espec\u00edficas para mejorar su situaci\u00f3n nutricional, que no implica valoraci\u00f3n nutricional ni seguimiento de tratamientos. El servicio de consejer\u00eda se puede realizar v\u00eda telef\u00f3nica, presencial o virtual. Actualmente se ofrece la Consejer\u00eda en Lactancia Materna, dirigida a madres lactantes y familiares.\u202f\u00a0<\/p>\n","protected":false},"author":3,"featured_media":0,"parent":0,"menu_order":0,"comment_status":"closed","ping_status":"closed","template":"","meta":{"_eb_attr":"","inline_featured_image":false,"ngg_post_thumbnail":0,"footnotes":""},"class_list":["post-244","page","type-page","status-publish","hentry"],"yoast_head":"<!-- This site is optimized with the Yoast SEO plugin v27.5 - https:\/\/yoast.com\/product\/yoast-seo-wordpress\/ -->\n<title>Consejer\u00eda Nutricional - PREANU<\/title>\n<meta name=\"robots\" content=\"index, follow, max-snippet:-1, max-image-preview:large, max-video-preview:-1\" \/>\n<link rel=\"canonical\" href=\"https:\/\/nutricionparavivirmejor.ucr.ac.cr\/index.php\/consejerias\/\" \/>\n<meta property=\"og:locale\" content=\"es_MX\" \/>\n<meta property=\"og:type\" content=\"article\" \/>\n<meta property=\"og:title\" content=\"Consejer\u00eda Nutricional - PREANU\" \/>\n<meta property=\"og:description\" content=\"Es el servicio de apoyo a personas que requieren informaci\u00f3n o recomendaciones espec\u00edficas para mejorar su situaci\u00f3n nutricional, que no implica valoraci\u00f3n nutricional ni seguimiento de tratamientos. El servicio de consejer\u00eda se puede realizar v\u00eda telef\u00f3nica, presencial o virtual. Actualmente se ofrece la Consejer\u00eda en Lactancia Materna, dirigida a madres lactantes y familiares.\u202f\u00a0\" \/>\n<meta property=\"og:url\" content=\"https:\/\/nutricionparavivirmejor.ucr.ac.cr\/index.php\/consejerias\/\" \/>\n<meta property=\"og:site_name\" content=\"PREANU\" \/>\n<meta property=\"article:modified_time\" content=\"2024-01-09T20:21:22+00:00\" \/>\n<meta property=\"og:image\" content=\"https:\/\/nutricionparavivirmejor.ucr.ac.cr\/wp-content\/uploads\/2023\/02\/CINTIILLOS_PREANU-9-1024x284.png\" \/>\n<meta name=\"twitter:card\" content=\"summary_large_image\" \/>\n<meta name=\"twitter:label1\" content=\"Tiempo de lectura\" \/>\n\t<meta name=\"twitter:data1\" content=\"1 minuto\" \/>\n<script type=\"application\/ld+json\" class=\"yoast-schema-graph\">{\"@context\":\"https:\\\/\\\/schema.org\",\"@graph\":[{\"@type\":\"WebPage\",\"@id\":\"https:\\\/\\\/nutricionparavivirmejor.ucr.ac.cr\\\/index.php\\\/consejerias\\\/\",\"url\":\"https:\\\/\\\/nutricionparavivirmejor.ucr.ac.cr\\\/index.php\\\/consejerias\\\/\",\"name\":\"Consejer\u00eda Nutricional - PREANU\",\"isPartOf\":{\"@id\":\"https:\\\/\\\/nutricionparavivirmejor.ucr.ac.cr\\\/#website\"},\"primaryImageOfPage\":{\"@id\":\"https:\\\/\\\/nutricionparavivirmejor.ucr.ac.cr\\\/index.php\\\/consejerias\\\/#primaryimage\"},\"image\":{\"@id\":\"https:\\\/\\\/nutricionparavivirmejor.ucr.ac.cr\\\/index.php\\\/consejerias\\\/#primaryimage\"},\"thumbnailUrl\":\"https:\\\/\\\/nutricionparavivirmejor.ucr.ac.cr\\\/wp-content\\\/uploads\\\/2023\\\/02\\\/CINTIILLOS_PREANU-9-1024x284.png\",\"datePublished\":\"2022-11-30T14:57:32+00:00\",\"dateModified\":\"2024-01-09T20:21:22+00:00\",\"breadcrumb\":{\"@id\":\"https:\\\/\\\/nutricionparavivirmejor.ucr.ac.cr\\\/index.php\\\/consejerias\\\/#breadcrumb\"},\"inLanguage\":\"es\",\"potentialAction\":[{\"@type\":\"ReadAction\",\"target\":[\"https:\\\/\\\/nutricionparavivirmejor.ucr.ac.cr\\\/index.php\\\/consejerias\\\/\"]}]},{\"@type\":\"ImageObject\",\"inLanguage\":\"es\",\"@id\":\"https:\\\/\\\/nutricionparavivirmejor.ucr.ac.cr\\\/index.php\\\/consejerias\\\/#primaryimage\",\"url\":\"https:\\\/\\\/nutricionparavivirmejor.ucr.ac.cr\\\/wp-content\\\/uploads\\\/2023\\\/02\\\/CINTIILLOS_PREANU-9.png\",\"contentUrl\":\"https:\\\/\\\/nutricionparavivirmejor.ucr.ac.cr\\\/wp-content\\\/uploads\\\/2023\\\/02\\\/CINTIILLOS_PREANU-9.png\",\"width\":5159,\"height\":1431,\"caption\":\"Consejer\u00edas\"},{\"@type\":\"BreadcrumbList\",\"@id\":\"https:\\\/\\\/nutricionparavivirmejor.ucr.ac.cr\\\/index.php\\\/consejerias\\\/#breadcrumb\",\"itemListElement\":[{\"@type\":\"ListItem\",\"position\":1,\"name\":\"Portada\",\"item\":\"https:\\\/\\\/nutricionparavivirmejor.ucr.ac.cr\\\/\"},{\"@type\":\"ListItem\",\"position\":2,\"name\":\"Consejer\u00eda Nutricional\"}]},{\"@type\":\"WebSite\",\"@id\":\"https:\\\/\\\/nutricionparavivirmejor.ucr.ac.cr\\\/#website\",\"url\":\"https:\\\/\\\/nutricionparavivirmejor.ucr.ac.cr\\\/\",\"name\":\"PREANU\",\"description\":\"Programa de Educaci\u00f3n y Atenci\u00f3n Nutricional Universitario\",\"publisher\":{\"@id\":\"https:\\\/\\\/nutricionparavivirmejor.ucr.ac.cr\\\/#organization\"},\"potentialAction\":[{\"@type\":\"SearchAction\",\"target\":{\"@type\":\"EntryPoint\",\"urlTemplate\":\"https:\\\/\\\/nutricionparavivirmejor.ucr.ac.cr\\\/?s={search_term_string}\"},\"query-input\":{\"@type\":\"PropertyValueSpecification\",\"valueRequired\":true,\"valueName\":\"search_term_string\"}}],\"inLanguage\":\"es\"},{\"@type\":\"Organization\",\"@id\":\"https:\\\/\\\/nutricionparavivirmejor.ucr.ac.cr\\\/#organization\",\"name\":\"PREANU\",\"url\":\"https:\\\/\\\/nutricionparavivirmejor.ucr.ac.cr\\\/\",\"logo\":{\"@type\":\"ImageObject\",\"inLanguage\":\"es\",\"@id\":\"https:\\\/\\\/nutricionparavivirmejor.ucr.ac.cr\\\/#\\\/schema\\\/logo\\\/image\\\/\",\"url\":\"https:\\\/\\\/nutricionparavivirmejor.ucr.ac.cr\\\/wp-content\\\/uploads\\\/2023\\\/01\\\/ACRONIMOS-ENU-5.svg\",\"contentUrl\":\"https:\\\/\\\/nutricionparavivirmejor.ucr.ac.cr\\\/wp-content\\\/uploads\\\/2023\\\/01\\\/ACRONIMOS-ENU-5.svg\",\"width\":300,\"height\":50,\"caption\":\"PREANU\"},\"image\":{\"@id\":\"https:\\\/\\\/nutricionparavivirmejor.ucr.ac.cr\\\/#\\\/schema\\\/logo\\\/image\\\/\"}}]}<\/script>\n<!-- \/ Yoast SEO plugin. -->","yoast_head_json":{"title":"Consejer\u00eda Nutricional - PREANU","robots":{"index":"index","follow":"follow","max-snippet":"max-snippet:-1","max-image-preview":"max-image-preview:large","max-video-preview":"max-video-preview:-1"},"canonical":"https:\/\/nutricionparavivirmejor.ucr.ac.cr\/index.php\/consejerias\/","og_locale":"es_MX","og_type":"article","og_title":"Consejer\u00eda Nutricional - PREANU","og_description":"Es el servicio de apoyo a personas que requieren informaci\u00f3n o recomendaciones espec\u00edficas para mejorar su situaci\u00f3n nutricional, que no implica valoraci\u00f3n nutricional ni seguimiento de tratamientos. El servicio de consejer\u00eda se puede realizar v\u00eda telef\u00f3nica, presencial o virtual. Actualmente se ofrece la Consejer\u00eda en Lactancia Materna, dirigida a madres lactantes y familiares.\u202f\u00a0","og_url":"https:\/\/nutricionparavivirmejor.ucr.ac.cr\/index.php\/consejerias\/","og_site_name":"PREANU","article_modified_time":"2024-01-09T20:21:22+00:00","og_image":[{"url":"https:\/\/nutricionparavivirmejor.ucr.ac.cr\/wp-content\/uploads\/2023\/02\/CINTIILLOS_PREANU-9-1024x284.png","type":"","width":"","height":""}],"twitter_card":"summary_large_image","twitter_misc":{"Tiempo de lectura":"1 minuto"},"schema":{"@context":"https:\/\/schema.org","@graph":[{"@type":"WebPage","@id":"https:\/\/nutricionparavivirmejor.ucr.ac.cr\/index.php\/consejerias\/","url":"https:\/\/nutricionparavivirmejor.ucr.ac.cr\/index.php\/consejerias\/","name":"Consejer\u00eda Nutricional - PREANU","isPartOf":{"@id":"https:\/\/nutricionparavivirmejor.ucr.ac.cr\/#website"},"primaryImageOfPage":{"@id":"https:\/\/nutricionparavivirmejor.ucr.ac.cr\/index.php\/consejerias\/#primaryimage"},"image":{"@id":"https:\/\/nutricionparavivirmejor.ucr.ac.cr\/index.php\/consejerias\/#primaryimage"},"thumbnailUrl":"https:\/\/nutricionparavivirmejor.ucr.ac.cr\/wp-content\/uploads\/2023\/02\/CINTIILLOS_PREANU-9-1024x284.png","datePublished":"2022-11-30T14:57:32+00:00","dateModified":"2024-01-09T20:21:22+00:00","breadcrumb":{"@id":"https:\/\/nutricionparavivirmejor.ucr.ac.cr\/index.php\/consejerias\/#breadcrumb"},"inLanguage":"es","potentialAction":[{"@type":"ReadAction","target":["https:\/\/nutricionparavivirmejor.ucr.ac.cr\/index.php\/consejerias\/"]}]},{"@type":"ImageObject","inLanguage":"es","@id":"https:\/\/nutricionparavivirmejor.ucr.ac.cr\/index.php\/consejerias\/#primaryimage","url":"https:\/\/nutricionparavivirmejor.ucr.ac.cr\/wp-content\/uploads\/2023\/02\/CINTIILLOS_PREANU-9.png","contentUrl":"https:\/\/nutricionparavivirmejor.ucr.ac.cr\/wp-content\/uploads\/2023\/02\/CINTIILLOS_PREANU-9.png","width":5159,"height":1431,"caption":"Consejer\u00edas"},{"@type":"BreadcrumbList","@id":"https:\/\/nutricionparavivirmejor.ucr.ac.cr\/index.php\/consejerias\/#breadcrumb","itemListElement":[{"@type":"ListItem","position":1,"name":"Portada","item":"https:\/\/nutricionparavivirmejor.ucr.ac.cr\/"},{"@type":"ListItem","position":2,"name":"Consejer\u00eda Nutricional"}]},{"@type":"WebSite","@id":"https:\/\/nutricionparavivirmejor.ucr.ac.cr\/#website","url":"https:\/\/nutricionparavivirmejor.ucr.ac.cr\/","name":"PREANU","description":"Programa de Educaci\u00f3n y Atenci\u00f3n Nutricional Universitario","publisher":{"@id":"https:\/\/nutricionparavivirmejor.ucr.ac.cr\/#organization"},"potentialAction":[{"@type":"SearchAction","target":{"@type":"EntryPoint","urlTemplate":"https:\/\/nutricionparavivirmejor.ucr.ac.cr\/?s={search_term_string}"},"query-input":{"@type":"PropertyValueSpecification","valueRequired":true,"valueName":"search_term_string"}}],"inLanguage":"es"},{"@type":"Organization","@id":"https:\/\/nutricionparavivirmejor.ucr.ac.cr\/#organization","name":"PREANU","url":"https:\/\/nutricionparavivirmejor.ucr.ac.cr\/","logo":{"@type":"ImageObject","inLanguage":"es","@id":"https:\/\/nutricionparavivirmejor.ucr.ac.cr\/#\/schema\/logo\/image\/","url":"https:\/\/nutricionparavivirmejor.ucr.ac.cr\/wp-content\/uploads\/2023\/01\/ACRONIMOS-ENU-5.svg","contentUrl":"https:\/\/nutricionparavivirmejor.ucr.ac.cr\/wp-content\/uploads\/2023\/01\/ACRONIMOS-ENU-5.svg","width":300,"height":50,"caption":"PREANU"},"image":{"@id":"https:\/\/nutricionparavivirmejor.ucr.ac.cr\/#\/schema\/logo\/image\/"}}]}},"_links":{"self":[{"href":"https:\/\/nutricionparavivirmejor.ucr.ac.cr\/index.php\/wp-json\/wp\/v2\/pages\/244","targetHints":{"allow":["GET"]}}],"collection":[{"href":"https:\/\/nutricionparavivirmejor.ucr.ac.cr\/index.php\/wp-json\/wp\/v2\/pages"}],"about":[{"href":"https:\/\/nutricionparavivirmejor.ucr.ac.cr\/index.php\/wp-json\/wp\/v2\/types\/page"}],"author":[{"embeddable":true,"href":"https:\/\/nutricionparavivirmejor.ucr.ac.cr\/index.php\/wp-json\/wp\/v2\/users\/3"}],"replies":[{"embeddable":true,"href":"https:\/\/nutricionparavivirmejor.ucr.ac.cr\/index.php\/wp-json\/wp\/v2\/comments?post=244"}],"version-history":[{"count":39,"href":"https:\/\/nutricionparavivirmejor.ucr.ac.cr\/index.php\/wp-json\/wp\/v2\/pages\/244\/revisions"}],"predecessor-version":[{"id":3137,"href":"https:\/\/nutricionparavivirmejor.ucr.ac.cr\/index.php\/wp-json\/wp\/v2\/pages\/244\/revisions\/3137"}],"wp:attachment":[{"href":"https:\/\/nutricionparavivirmejor.ucr.ac.cr\/index.php\/wp-json\/wp\/v2\/media?parent=244"}],"curies":[{"name":"wp","href":"https:\/\/api.w.org\/{rel}","templated":true}]}}