{"id":419,"date":"2022-12-07T15:37:05","date_gmt":"2022-12-07T15:37:05","guid":{"rendered":"http:\/\/nutricion.ucr.ac.cr\/?page_id=419"},"modified":"2023-02-01T17:47:48","modified_gmt":"2023-02-01T17:47:48","slug":"pediatrica-y-adolecente","status":"publish","type":"page","link":"https:\/\/nutricionparavivirmejor.ucr.ac.cr\/index.php\/pediatrica-y-adolecente\/","title":{"rendered":"Pedi\u00e1trica y Adolecente"},"content":{"rendered":"\t\t<div data-elementor-type=\"wp-page\" data-elementor-id=\"419\" class=\"elementor elementor-419\">\n\t\t\t\t\t\t<section class=\"elementor-section elementor-top-section elementor-element elementor-element-94ad5c0 elementor-section-boxed elementor-section-height-default elementor-section-height-default\" data-id=\"94ad5c0\" data-element_type=\"section\" data-e-type=\"section\">\n\t\t\t\t\t\t<div class=\"elementor-container elementor-column-gap-default\">\n\t\t\t\t\t<div class=\"elementor-column elementor-col-100 elementor-top-column elementor-element elementor-element-bffe59a\" data-id=\"bffe59a\" data-element_type=\"column\" data-e-type=\"column\">\n\t\t\t<div class=\"elementor-widget-wrap elementor-element-populated\">\n\t\t\t\t\t\t<div class=\"elementor-element elementor-element-22a1c66 elementor-widget elementor-widget-image\" data-id=\"22a1c66\" data-element_type=\"widget\" data-e-type=\"widget\" data-widget_type=\"image.default\">\n\t\t\t\t<div class=\"elementor-widget-container\">\n\t\t\t\t\t\t\t\t\t\t\t\t\t\t\t<img fetchpriority=\"high\" decoding=\"async\" width=\"1024\" height=\"284\" src=\"https:\/\/nutricionparavivirmejor.ucr.ac.cr\/wp-content\/uploads\/2023\/02\/CINTIILLOS_PREANU-7-1024x284.png\" class=\"attachment-large size-large wp-image-1602\" alt=\"Nutrici\u00f3n en el curso de la vida\" srcset=\"https:\/\/nutricionparavivirmejor.ucr.ac.cr\/wp-content\/uploads\/2023\/02\/CINTIILLOS_PREANU-7-1024x284.png 1024w, https:\/\/nutricionparavivirmejor.ucr.ac.cr\/wp-content\/uploads\/2023\/02\/CINTIILLOS_PREANU-7-300x83.png 300w, https:\/\/nutricionparavivirmejor.ucr.ac.cr\/wp-content\/uploads\/2023\/02\/CINTIILLOS_PREANU-7-768x213.png 768w, https:\/\/nutricionparavivirmejor.ucr.ac.cr\/wp-content\/uploads\/2023\/02\/CINTIILLOS_PREANU-7-1536x426.png 1536w, https:\/\/nutricionparavivirmejor.ucr.ac.cr\/wp-content\/uploads\/2023\/02\/CINTIILLOS_PREANU-7-2048x568.png 2048w\" sizes=\"(max-width: 1024px) 100vw, 1024px\" \/>\t\t\t\t\t\t\t\t\t\t\t\t\t\t\t<\/div>\n\t\t\t\t<\/div>\n\t\t\t\t\t<\/div>\n\t\t<\/div>\n\t\t\t\t\t<\/div>\n\t\t<\/section>\n\t\t\t\t<section class=\"elementor-section elementor-top-section elementor-element elementor-element-e078d04 elementor-section-boxed elementor-section-height-default elementor-section-height-default\" data-id=\"e078d04\" data-element_type=\"section\" data-e-type=\"section\">\n\t\t\t\t\t\t<div class=\"elementor-container elementor-column-gap-default\">\n\t\t\t\t\t<div class=\"elementor-column elementor-col-100 elementor-top-column elementor-element elementor-element-f884e24\" data-id=\"f884e24\" data-element_type=\"column\" data-e-type=\"column\">\n\t\t\t<div class=\"elementor-widget-wrap elementor-element-populated\">\n\t\t\t\t\t\t<div class=\"elementor-element elementor-element-7cccf6d elementor-widget elementor-widget-heading\" data-id=\"7cccf6d\" data-element_type=\"widget\" data-e-type=\"widget\" data-widget_type=\"heading.default\">\n\t\t\t\t<div class=\"elementor-widget-container\">\n\t\t\t\t\t<h2 class=\"elementor-heading-title elementor-size-default\"><span>Poblaci\u00f3n pedi\u00e1trica y adolescente<\/span><\/h2>\t\t\t\t<\/div>\n\t\t\t\t<\/div>\n\t\t\t\t\t<\/div>\n\t\t<\/div>\n\t\t\t\t\t<\/div>\n\t\t<\/section>\n\t\t\t\t<section class=\"elementor-section elementor-top-section elementor-element elementor-element-61f75ee elementor-section-boxed elementor-section-height-default elementor-section-height-default\" data-id=\"61f75ee\" data-element_type=\"section\" data-e-type=\"section\">\n\t\t\t\t\t\t<div class=\"elementor-container elementor-column-gap-default\">\n\t\t\t\t\t<div class=\"elementor-column elementor-col-100 elementor-top-column elementor-element elementor-element-e2b0576\" data-id=\"e2b0576\" data-element_type=\"column\" data-e-type=\"column\">\n\t\t\t<div class=\"elementor-widget-wrap elementor-element-populated\">\n\t\t\t\t\t\t<div class=\"elementor-element elementor-element-67783f6 elementor-widget elementor-widget-text-editor\" data-id=\"67783f6\" data-element_type=\"widget\" data-e-type=\"widget\" data-widget_type=\"text-editor.default\">\n\t\t\t\t<div class=\"elementor-widget-container\">\n\t\t\t\t\t\t\t\t\t<p><span style=\"color: #000000;\"><span class=\"TextRun SCXW83208113 BCX0\" lang=\"ES-ES\" xml:lang=\"ES-ES\" data-contrast=\"auto\"><span class=\"NormalTextRun SCXW83208113 BCX0\">\u00a0Abarca a la poblaci\u00f3n menor de edad entre los 2 y 17 a\u00f1os, que desea llevar un estilo de vida saludable para la prevenci\u00f3n de enfermedades, as\u00ed como ni\u00f1os y ni\u00f1as que presenten condiciones tales como exceso o bajo peso, enfermedades cr\u00f3nicas, alergias o intolerancias alimentarias, anemia, Trastorno del Espectro Autista, S\u00edndrome de Down, Par\u00e1lisis Cerebral, entre otras, que requieran atenci\u00f3n nutricional individualizada para mejorar su alimentaci\u00f3n y calidad de vida.<\/span><\/span><span class=\"EOP SCXW83208113 BCX0\" data-ccp-props=\"{&quot;201341983&quot;:0,&quot;335551550&quot;:6,&quot;335551620&quot;:6,&quot;335559739&quot;:160,&quot;335559740&quot;:259}\">\u00a0<\/span><\/span><\/p>\t\t\t\t\t\t\t\t<\/div>\n\t\t\t\t<\/div>\n\t\t\t\t\t<\/div>\n\t\t<\/div>\n\t\t\t\t\t<\/div>\n\t\t<\/section>\n\t\t\t\t<section class=\"elementor-section elementor-top-section elementor-element elementor-element-08357a3 elementor-section-boxed elementor-section-height-default elementor-section-height-default\" data-id=\"08357a3\" data-element_type=\"section\" data-e-type=\"section\">\n\t\t\t\t\t\t<div class=\"elementor-container elementor-column-gap-default\">\n\t\t\t\t\t<div class=\"elementor-column elementor-col-100 elementor-top-column elementor-element elementor-element-adf162b\" data-id=\"adf162b\" data-element_type=\"column\" data-e-type=\"column\">\n\t\t\t<div class=\"elementor-widget-wrap elementor-element-populated\">\n\t\t\t\t\t\t<div class=\"elementor-element elementor-element-fb90c72 elementor-widget elementor-widget-spacer\" data-id=\"fb90c72\" data-element_type=\"widget\" data-e-type=\"widget\" data-widget_type=\"spacer.default\">\n\t\t\t\t<div class=\"elementor-widget-container\">\n\t\t\t\t\t\t\t<div class=\"elementor-spacer\">\n\t\t\t<div class=\"elementor-spacer-inner\"><\/div>\n\t\t<\/div>\n\t\t\t\t\t\t<\/div>\n\t\t\t\t<\/div>\n\t\t\t\t\t<\/div>\n\t\t<\/div>\n\t\t\t\t\t<\/div>\n\t\t<\/section>\n\t\t\t\t<\/div>\n\t\t","protected":false},"excerpt":{"rendered":"<p>Poblaci\u00f3n pedi\u00e1trica y adolescente \u00a0Abarca a la poblaci\u00f3n menor de edad entre los 2 y 17 a\u00f1os, que desea llevar un estilo de vida saludable para la prevenci\u00f3n de enfermedades, as\u00ed como ni\u00f1os y ni\u00f1as que presenten condiciones tales como exceso o bajo peso, enfermedades cr\u00f3nicas, alergias o intolerancias alimentarias, anemia, Trastorno del Espectro Autista, [&hellip;]<\/p>\n","protected":false},"author":3,"featured_media":0,"parent":0,"menu_order":0,"comment_status":"closed","ping_status":"closed","template":"","meta":{"_eb_attr":"","inline_featured_image":false,"ngg_post_thumbnail":0,"footnotes":""},"class_list":["post-419","page","type-page","status-publish","hentry"],"yoast_head":"<!-- This site is optimized with the Yoast SEO plugin v27.5 - https:\/\/yoast.com\/product\/yoast-seo-wordpress\/ -->\n<title>Pedi\u00e1trica y Adolecente - PREANU<\/title>\n<meta name=\"robots\" content=\"index, follow, max-snippet:-1, max-image-preview:large, max-video-preview:-1\" \/>\n<link rel=\"canonical\" href=\"https:\/\/nutricionparavivirmejor.ucr.ac.cr\/index.php\/pediatrica-y-adolecente\/\" \/>\n<meta property=\"og:locale\" content=\"es_MX\" \/>\n<meta property=\"og:type\" content=\"article\" \/>\n<meta property=\"og:title\" content=\"Pedi\u00e1trica y Adolecente - PREANU\" \/>\n<meta property=\"og:description\" content=\"Poblaci\u00f3n pedi\u00e1trica y adolescente \u00a0Abarca a la poblaci\u00f3n menor de edad entre los 2 y 17 a\u00f1os, que desea llevar un estilo de vida saludable para la prevenci\u00f3n de enfermedades, as\u00ed como ni\u00f1os y ni\u00f1as que presenten condiciones tales como exceso o bajo peso, enfermedades cr\u00f3nicas, alergias o intolerancias alimentarias, anemia, Trastorno del Espectro Autista, [&hellip;]\" \/>\n<meta property=\"og:url\" content=\"https:\/\/nutricionparavivirmejor.ucr.ac.cr\/index.php\/pediatrica-y-adolecente\/\" \/>\n<meta property=\"og:site_name\" content=\"PREANU\" \/>\n<meta property=\"article:modified_time\" content=\"2023-02-01T17:47:48+00:00\" \/>\n<meta property=\"og:image\" content=\"http:\/\/nutricionparavivirmejor.ucr.ac.cr\/wp-content\/uploads\/2023\/02\/CINTIILLOS_PREANU-7-1024x284.png\" \/>\n<meta name=\"twitter:card\" content=\"summary_large_image\" \/>\n<meta name=\"twitter:label1\" content=\"Tiempo de lectura\" \/>\n\t<meta name=\"twitter:data1\" content=\"1 minuto\" \/>\n<script type=\"application\/ld+json\" class=\"yoast-schema-graph\">{\"@context\":\"https:\\\/\\\/schema.org\",\"@graph\":[{\"@type\":\"WebPage\",\"@id\":\"https:\\\/\\\/nutricionparavivirmejor.ucr.ac.cr\\\/index.php\\\/pediatrica-y-adolecente\\\/\",\"url\":\"https:\\\/\\\/nutricionparavivirmejor.ucr.ac.cr\\\/index.php\\\/pediatrica-y-adolecente\\\/\",\"name\":\"Pedi\u00e1trica y Adolecente - PREANU\",\"isPartOf\":{\"@id\":\"https:\\\/\\\/nutricionparavivirmejor.ucr.ac.cr\\\/#website\"},\"primaryImageOfPage\":{\"@id\":\"https:\\\/\\\/nutricionparavivirmejor.ucr.ac.cr\\\/index.php\\\/pediatrica-y-adolecente\\\/#primaryimage\"},\"image\":{\"@id\":\"https:\\\/\\\/nutricionparavivirmejor.ucr.ac.cr\\\/index.php\\\/pediatrica-y-adolecente\\\/#primaryimage\"},\"thumbnailUrl\":\"http:\\\/\\\/nutricionparavivirmejor.ucr.ac.cr\\\/wp-content\\\/uploads\\\/2023\\\/02\\\/CINTIILLOS_PREANU-7-1024x284.png\",\"datePublished\":\"2022-12-07T15:37:05+00:00\",\"dateModified\":\"2023-02-01T17:47:48+00:00\",\"breadcrumb\":{\"@id\":\"https:\\\/\\\/nutricionparavivirmejor.ucr.ac.cr\\\/index.php\\\/pediatrica-y-adolecente\\\/#breadcrumb\"},\"inLanguage\":\"es\",\"potentialAction\":[{\"@type\":\"ReadAction\",\"target\":[\"https:\\\/\\\/nutricionparavivirmejor.ucr.ac.cr\\\/index.php\\\/pediatrica-y-adolecente\\\/\"]}]},{\"@type\":\"ImageObject\",\"inLanguage\":\"es\",\"@id\":\"https:\\\/\\\/nutricionparavivirmejor.ucr.ac.cr\\\/index.php\\\/pediatrica-y-adolecente\\\/#primaryimage\",\"url\":\"http:\\\/\\\/nutricionparavivirmejor.ucr.ac.cr\\\/wp-content\\\/uploads\\\/2023\\\/02\\\/CINTIILLOS_PREANU-7-1024x284.png\",\"contentUrl\":\"http:\\\/\\\/nutricionparavivirmejor.ucr.ac.cr\\\/wp-content\\\/uploads\\\/2023\\\/02\\\/CINTIILLOS_PREANU-7-1024x284.png\"},{\"@type\":\"BreadcrumbList\",\"@id\":\"https:\\\/\\\/nutricionparavivirmejor.ucr.ac.cr\\\/index.php\\\/pediatrica-y-adolecente\\\/#breadcrumb\",\"itemListElement\":[{\"@type\":\"ListItem\",\"position\":1,\"name\":\"Portada\",\"item\":\"https:\\\/\\\/nutricionparavivirmejor.ucr.ac.cr\\\/\"},{\"@type\":\"ListItem\",\"position\":2,\"name\":\"Pedi\u00e1trica y Adolecente\"}]},{\"@type\":\"WebSite\",\"@id\":\"https:\\\/\\\/nutricionparavivirmejor.ucr.ac.cr\\\/#website\",\"url\":\"https:\\\/\\\/nutricionparavivirmejor.ucr.ac.cr\\\/\",\"name\":\"PREANU\",\"description\":\"Programa de Educaci\u00f3n y Atenci\u00f3n Nutricional Universitario\",\"publisher\":{\"@id\":\"https:\\\/\\\/nutricionparavivirmejor.ucr.ac.cr\\\/#organization\"},\"potentialAction\":[{\"@type\":\"SearchAction\",\"target\":{\"@type\":\"EntryPoint\",\"urlTemplate\":\"https:\\\/\\\/nutricionparavivirmejor.ucr.ac.cr\\\/?s={search_term_string}\"},\"query-input\":{\"@type\":\"PropertyValueSpecification\",\"valueRequired\":true,\"valueName\":\"search_term_string\"}}],\"inLanguage\":\"es\"},{\"@type\":\"Organization\",\"@id\":\"https:\\\/\\\/nutricionparavivirmejor.ucr.ac.cr\\\/#organization\",\"name\":\"PREANU\",\"url\":\"https:\\\/\\\/nutricionparavivirmejor.ucr.ac.cr\\\/\",\"logo\":{\"@type\":\"ImageObject\",\"inLanguage\":\"es\",\"@id\":\"https:\\\/\\\/nutricionparavivirmejor.ucr.ac.cr\\\/#\\\/schema\\\/logo\\\/image\\\/\",\"url\":\"https:\\\/\\\/nutricionparavivirmejor.ucr.ac.cr\\\/wp-content\\\/uploads\\\/2023\\\/01\\\/ACRONIMOS-ENU-5.svg\",\"contentUrl\":\"https:\\\/\\\/nutricionparavivirmejor.ucr.ac.cr\\\/wp-content\\\/uploads\\\/2023\\\/01\\\/ACRONIMOS-ENU-5.svg\",\"width\":300,\"height\":50,\"caption\":\"PREANU\"},\"image\":{\"@id\":\"https:\\\/\\\/nutricionparavivirmejor.ucr.ac.cr\\\/#\\\/schema\\\/logo\\\/image\\\/\"}}]}<\/script>\n<!-- \/ Yoast SEO plugin. -->","yoast_head_json":{"title":"Pedi\u00e1trica y Adolecente - PREANU","robots":{"index":"index","follow":"follow","max-snippet":"max-snippet:-1","max-image-preview":"max-image-preview:large","max-video-preview":"max-video-preview:-1"},"canonical":"https:\/\/nutricionparavivirmejor.ucr.ac.cr\/index.php\/pediatrica-y-adolecente\/","og_locale":"es_MX","og_type":"article","og_title":"Pedi\u00e1trica y Adolecente - PREANU","og_description":"Poblaci\u00f3n pedi\u00e1trica y adolescente \u00a0Abarca a la poblaci\u00f3n menor de edad entre los 2 y 17 a\u00f1os, que desea llevar un estilo de vida saludable para la prevenci\u00f3n de enfermedades, as\u00ed como ni\u00f1os y ni\u00f1as que presenten condiciones tales como exceso o bajo peso, enfermedades cr\u00f3nicas, alergias o intolerancias alimentarias, anemia, Trastorno del Espectro Autista, [&hellip;]","og_url":"https:\/\/nutricionparavivirmejor.ucr.ac.cr\/index.php\/pediatrica-y-adolecente\/","og_site_name":"PREANU","article_modified_time":"2023-02-01T17:47:48+00:00","og_image":[{"url":"http:\/\/nutricionparavivirmejor.ucr.ac.cr\/wp-content\/uploads\/2023\/02\/CINTIILLOS_PREANU-7-1024x284.png","type":"","width":"","height":""}],"twitter_card":"summary_large_image","twitter_misc":{"Tiempo de lectura":"1 minuto"},"schema":{"@context":"https:\/\/schema.org","@graph":[{"@type":"WebPage","@id":"https:\/\/nutricionparavivirmejor.ucr.ac.cr\/index.php\/pediatrica-y-adolecente\/","url":"https:\/\/nutricionparavivirmejor.ucr.ac.cr\/index.php\/pediatrica-y-adolecente\/","name":"Pedi\u00e1trica y Adolecente - PREANU","isPartOf":{"@id":"https:\/\/nutricionparavivirmejor.ucr.ac.cr\/#website"},"primaryImageOfPage":{"@id":"https:\/\/nutricionparavivirmejor.ucr.ac.cr\/index.php\/pediatrica-y-adolecente\/#primaryimage"},"image":{"@id":"https:\/\/nutricionparavivirmejor.ucr.ac.cr\/index.php\/pediatrica-y-adolecente\/#primaryimage"},"thumbnailUrl":"http:\/\/nutricionparavivirmejor.ucr.ac.cr\/wp-content\/uploads\/2023\/02\/CINTIILLOS_PREANU-7-1024x284.png","datePublished":"2022-12-07T15:37:05+00:00","dateModified":"2023-02-01T17:47:48+00:00","breadcrumb":{"@id":"https:\/\/nutricionparavivirmejor.ucr.ac.cr\/index.php\/pediatrica-y-adolecente\/#breadcrumb"},"inLanguage":"es","potentialAction":[{"@type":"ReadAction","target":["https:\/\/nutricionparavivirmejor.ucr.ac.cr\/index.php\/pediatrica-y-adolecente\/"]}]},{"@type":"ImageObject","inLanguage":"es","@id":"https:\/\/nutricionparavivirmejor.ucr.ac.cr\/index.php\/pediatrica-y-adolecente\/#primaryimage","url":"http:\/\/nutricionparavivirmejor.ucr.ac.cr\/wp-content\/uploads\/2023\/02\/CINTIILLOS_PREANU-7-1024x284.png","contentUrl":"http:\/\/nutricionparavivirmejor.ucr.ac.cr\/wp-content\/uploads\/2023\/02\/CINTIILLOS_PREANU-7-1024x284.png"},{"@type":"BreadcrumbList","@id":"https:\/\/nutricionparavivirmejor.ucr.ac.cr\/index.php\/pediatrica-y-adolecente\/#breadcrumb","itemListElement":[{"@type":"ListItem","position":1,"name":"Portada","item":"https:\/\/nutricionparavivirmejor.ucr.ac.cr\/"},{"@type":"ListItem","position":2,"name":"Pedi\u00e1trica y Adolecente"}]},{"@type":"WebSite","@id":"https:\/\/nutricionparavivirmejor.ucr.ac.cr\/#website","url":"https:\/\/nutricionparavivirmejor.ucr.ac.cr\/","name":"PREANU","description":"Programa de Educaci\u00f3n y Atenci\u00f3n Nutricional Universitario","publisher":{"@id":"https:\/\/nutricionparavivirmejor.ucr.ac.cr\/#organization"},"potentialAction":[{"@type":"SearchAction","target":{"@type":"EntryPoint","urlTemplate":"https:\/\/nutricionparavivirmejor.ucr.ac.cr\/?s={search_term_string}"},"query-input":{"@type":"PropertyValueSpecification","valueRequired":true,"valueName":"search_term_string"}}],"inLanguage":"es"},{"@type":"Organization","@id":"https:\/\/nutricionparavivirmejor.ucr.ac.cr\/#organization","name":"PREANU","url":"https:\/\/nutricionparavivirmejor.ucr.ac.cr\/","logo":{"@type":"ImageObject","inLanguage":"es","@id":"https:\/\/nutricionparavivirmejor.ucr.ac.cr\/#\/schema\/logo\/image\/","url":"https:\/\/nutricionparavivirmejor.ucr.ac.cr\/wp-content\/uploads\/2023\/01\/ACRONIMOS-ENU-5.svg","contentUrl":"https:\/\/nutricionparavivirmejor.ucr.ac.cr\/wp-content\/uploads\/2023\/01\/ACRONIMOS-ENU-5.svg","width":300,"height":50,"caption":"PREANU"},"image":{"@id":"https:\/\/nutricionparavivirmejor.ucr.ac.cr\/#\/schema\/logo\/image\/"}}]}},"_links":{"self":[{"href":"https:\/\/nutricionparavivirmejor.ucr.ac.cr\/index.php\/wp-json\/wp\/v2\/pages\/419","targetHints":{"allow":["GET"]}}],"collection":[{"href":"https:\/\/nutricionparavivirmejor.ucr.ac.cr\/index.php\/wp-json\/wp\/v2\/pages"}],"about":[{"href":"https:\/\/nutricionparavivirmejor.ucr.ac.cr\/index.php\/wp-json\/wp\/v2\/types\/page"}],"author":[{"embeddable":true,"href":"https:\/\/nutricionparavivirmejor.ucr.ac.cr\/index.php\/wp-json\/wp\/v2\/users\/3"}],"replies":[{"embeddable":true,"href":"https:\/\/nutricionparavivirmejor.ucr.ac.cr\/index.php\/wp-json\/wp\/v2\/comments?post=419"}],"version-history":[{"count":7,"href":"https:\/\/nutricionparavivirmejor.ucr.ac.cr\/index.php\/wp-json\/wp\/v2\/pages\/419\/revisions"}],"predecessor-version":[{"id":1624,"href":"https:\/\/nutricionparavivirmejor.ucr.ac.cr\/index.php\/wp-json\/wp\/v2\/pages\/419\/revisions\/1624"}],"wp:attachment":[{"href":"https:\/\/nutricionparavivirmejor.ucr.ac.cr\/index.php\/wp-json\/wp\/v2\/media?parent=419"}],"curies":[{"name":"wp","href":"https:\/\/api.w.org\/{rel}","templated":true}]}}