{"id":96,"date":"2022-11-23T13:08:01","date_gmt":"2022-11-23T13:08:01","guid":{"rendered":"http:\/\/nutricion.ucr.ac.cr\/?page_id=96"},"modified":"2023-02-01T19:28:07","modified_gmt":"2023-02-01T19:28:07","slug":"nuestros-servicios","status":"publish","type":"page","link":"https:\/\/nutricionparavivirmejor.ucr.ac.cr\/index.php\/nuestros-servicios\/","title":{"rendered":"Nuestros Servicios"},"content":{"rendered":"\t\t<div data-elementor-type=\"wp-page\" data-elementor-id=\"96\" class=\"elementor elementor-96\">\n\t\t\t\t\t\t<section class=\"elementor-section elementor-top-section elementor-element elementor-element-fabb02d elementor-section-boxed elementor-section-height-default elementor-section-height-default\" data-id=\"fabb02d\" data-element_type=\"section\" data-e-type=\"section\">\n\t\t\t\t\t\t<div class=\"elementor-container elementor-column-gap-default\">\n\t\t\t\t\t<div class=\"elementor-column elementor-col-100 elementor-top-column elementor-element elementor-element-5a8d709\" data-id=\"5a8d709\" data-element_type=\"column\" data-e-type=\"column\">\n\t\t\t<div class=\"elementor-widget-wrap elementor-element-populated\">\n\t\t\t\t\t\t<div class=\"elementor-element elementor-element-7c28111 elementor-widget elementor-widget-image\" data-id=\"7c28111\" data-element_type=\"widget\" data-e-type=\"widget\" data-widget_type=\"image.default\">\n\t\t\t\t<div class=\"elementor-widget-container\">\n\t\t\t\t\t\t\t\t\t\t\t\t\t\t\t<img fetchpriority=\"high\" decoding=\"async\" width=\"1024\" height=\"284\" src=\"https:\/\/nutricionparavivirmejor.ucr.ac.cr\/wp-content\/uploads\/2023\/02\/CINTIILLOS_PREANU-11-1024x284.png\" class=\"attachment-large size-large wp-image-1656\" alt=\"Nuestros Servicios\" srcset=\"https:\/\/nutricionparavivirmejor.ucr.ac.cr\/wp-content\/uploads\/2023\/02\/CINTIILLOS_PREANU-11-1024x284.png 1024w, https:\/\/nutricionparavivirmejor.ucr.ac.cr\/wp-content\/uploads\/2023\/02\/CINTIILLOS_PREANU-11-300x83.png 300w, https:\/\/nutricionparavivirmejor.ucr.ac.cr\/wp-content\/uploads\/2023\/02\/CINTIILLOS_PREANU-11-768x213.png 768w, https:\/\/nutricionparavivirmejor.ucr.ac.cr\/wp-content\/uploads\/2023\/02\/CINTIILLOS_PREANU-11-1536x426.png 1536w, https:\/\/nutricionparavivirmejor.ucr.ac.cr\/wp-content\/uploads\/2023\/02\/CINTIILLOS_PREANU-11-2048x568.png 2048w\" sizes=\"(max-width: 1024px) 100vw, 1024px\" \/>\t\t\t\t\t\t\t\t\t\t\t\t\t\t\t<\/div>\n\t\t\t\t<\/div>\n\t\t\t\t\t<\/div>\n\t\t<\/div>\n\t\t\t\t\t<\/div>\n\t\t<\/section>\n\t\t\t\t<section class=\"elementor-section elementor-top-section elementor-element elementor-element-cb21466 elementor-section-boxed elementor-section-height-default elementor-section-height-default\" data-id=\"cb21466\" data-element_type=\"section\" data-e-type=\"section\">\n\t\t\t\t\t\t<div class=\"elementor-container elementor-column-gap-default\">\n\t\t\t\t\t<div class=\"elementor-column elementor-col-100 elementor-top-column elementor-element elementor-element-8588ccf\" data-id=\"8588ccf\" data-element_type=\"column\" data-e-type=\"column\">\n\t\t\t<div class=\"elementor-widget-wrap elementor-element-populated\">\n\t\t\t\t\t\t<div class=\"elementor-element elementor-element-94b5f7b elementor-widget elementor-widget-text-editor\" data-id=\"94b5f7b\" data-element_type=\"widget\" data-e-type=\"widget\" data-widget_type=\"text-editor.default\">\n\t\t\t\t<div class=\"elementor-widget-container\">\n\t\t\t\t\t\t\t\t\t<p><span data-contrast=\"auto\">El PREANU ofrece diversos servicios de educaci\u00f3n en alimentaci\u00f3n y nutrici\u00f3n, as\u00ed como\u202fatenci\u00f3n nutricional individual y grupal.\u202f Los servicios est\u00e1n dirigidos a distintos p\u00fablicos, se\u202fplanifican, ofertan y eval\u00faan por medio de las Unidades de Trabajo del Programa de acuerdo con la siguiente distribuci\u00f3n:<\/span><span data-ccp-props=\"{&quot;201341983&quot;:0,&quot;335551550&quot;:6,&quot;335551620&quot;:6,&quot;335559739&quot;:160,&quot;335559740&quot;:259}\">\u00a0<\/span><\/p><ul><li data-leveltext=\"\uf0b7\" data-font=\"Symbol\" data-listid=\"8\" data-list-defn-props=\"{&quot;335552541&quot;:1,&quot;335559684&quot;:-2,&quot;335559685&quot;:720,&quot;335559991&quot;:360,&quot;469769226&quot;:&quot;Symbol&quot;,&quot;469769242&quot;:[8226],&quot;469777803&quot;:&quot;left&quot;,&quot;469777804&quot;:&quot;\uf0b7&quot;,&quot;469777815&quot;:&quot;hybridMultilevel&quot;}\" aria-setsize=\"-1\" data-aria-posinset=\"1\" data-aria-level=\"1\">\u00a0<br \/><span data-contrast=\"auto\">Unidad de Atenci\u00f3n Nutricional:\u202f Esta unidad incluye tanto lo referente a la consulta nutricional individual y grupal, as\u00ed como las consejer\u00edas en alimentaci\u00f3n y nutrici\u00f3n.\u202f La consulta nutricional se ofrece tanto en la sede de la Escuela de Nutrici\u00f3n, como en otros espacios dentro y fuera de la universidad, modalidad que se denomina como Consultorio Nutricional M\u00f3vil.\u202f<\/span><span data-ccp-props=\"{&quot;201341983&quot;:0,&quot;335551550&quot;:6,&quot;335551620&quot;:6,&quot;335559739&quot;:160,&quot;335559740&quot;:259}\">\u00a0<\/span><\/li><li data-leveltext=\"\uf0b7\" data-font=\"Symbol\" data-listid=\"8\" data-list-defn-props=\"{&quot;335552541&quot;:1,&quot;335559684&quot;:-2,&quot;335559685&quot;:720,&quot;335559991&quot;:360,&quot;469769226&quot;:&quot;Symbol&quot;,&quot;469769242&quot;:[8226],&quot;469777803&quot;:&quot;left&quot;,&quot;469777804&quot;:&quot;\uf0b7&quot;,&quot;469777815&quot;:&quot;hybridMultilevel&quot;}\" aria-setsize=\"-1\" data-aria-posinset=\"2\" data-aria-level=\"1\"><span data-contrast=\"auto\">Unidad de Comunicaci\u00f3n y Educaci\u00f3n en Nutrici\u00f3n y Alimentaci\u00f3n:\u202f Esta unidad comprende las aulas abiertas que incluyen charlas, cursos y talleres de diferentes tem\u00e1ticas. Tambi\u00e9n involucra los espacios peri\u00f3dicos para brindar educaci\u00f3n a distintas poblaciones, entre las que se encuentran el Aula para Todos, Aula Mayor y Escuela de Diabetes. Adem\u00e1s se encarga de la producci\u00f3n de materiales educativos para el fomento de una alimentaci\u00f3n saludable y sostenible, as\u00ed como de recursos audiovisuales de apoyo a las labores educativas. Cuando estas actividades se desarrollan fuera de la sede de la Escuela de Nutrici\u00f3n, se denominan como Aula Viajera.\u202f<\/span><span data-ccp-props=\"{&quot;201341983&quot;:0,&quot;335551550&quot;:6,&quot;335551620&quot;:6,&quot;335559739&quot;:160,&quot;335559740&quot;:259}\">\u00a0<\/span><\/li><\/ul><p><span data-contrast=\"auto\">Como parte del desarrollo acad\u00e9mico, se realizan tambi\u00e9n actividades de capacitaci\u00f3n y actualizaci\u00f3n profesional en \u00e1reas de competencia del PREANU. Adem\u00e1s, se promueven pasant\u00edas cortas dirigidas a estudiantes de Nutrici\u00f3n que contribuyen a su formaci\u00f3n en temas relacionados con el quehacer del PREANU.<\/span><span data-ccp-props=\"{&quot;201341983&quot;:0,&quot;335551550&quot;:6,&quot;335551620&quot;:6,&quot;335559739&quot;:160,&quot;335559740&quot;:259}\">\u00a0<\/span><\/p><p><span data-contrast=\"auto\">Los servicios que ofrece el PREANU se enlistan a continuaci\u00f3n: Consulta nutricional, Consejer\u00eda nutricional, Aulas abiertas, Sala de Lactancia.<\/span><span data-ccp-props=\"{&quot;201341983&quot;:0,&quot;335551550&quot;:6,&quot;335551620&quot;:6,&quot;335559739&quot;:160,&quot;335559740&quot;:259}\">\u00a0<\/span><\/p>\t\t\t\t\t\t\t\t<\/div>\n\t\t\t\t<\/div>\n\t\t\t\t\t<\/div>\n\t\t<\/div>\n\t\t\t\t\t<\/div>\n\t\t<\/section>\n\t\t\t\t<section class=\"elementor-section elementor-top-section elementor-element elementor-element-19ad67e elementor-section-boxed elementor-section-height-default elementor-section-height-default\" data-id=\"19ad67e\" data-element_type=\"section\" data-e-type=\"section\">\n\t\t\t\t\t\t<div class=\"elementor-container elementor-column-gap-default\">\n\t\t\t\t\t<div class=\"elementor-column elementor-col-100 elementor-top-column elementor-element elementor-element-963175b\" data-id=\"963175b\" data-element_type=\"column\" data-e-type=\"column\">\n\t\t\t<div class=\"elementor-widget-wrap elementor-element-populated\">\n\t\t\t\t\t\t<div class=\"elementor-element elementor-element-9bbc86d elementor-widget elementor-widget-spacer\" data-id=\"9bbc86d\" data-element_type=\"widget\" data-e-type=\"widget\" data-widget_type=\"spacer.default\">\n\t\t\t\t<div class=\"elementor-widget-container\">\n\t\t\t\t\t\t\t<div class=\"elementor-spacer\">\n\t\t\t<div class=\"elementor-spacer-inner\"><\/div>\n\t\t<\/div>\n\t\t\t\t\t\t<\/div>\n\t\t\t\t<\/div>\n\t\t\t\t\t<\/div>\n\t\t<\/div>\n\t\t\t\t\t<\/div>\n\t\t<\/section>\n\t\t\t\t<\/div>\n\t\t","protected":false},"excerpt":{"rendered":"<p>El PREANU ofrece diversos servicios de educaci\u00f3n en alimentaci\u00f3n y nutrici\u00f3n, as\u00ed como\u202fatenci\u00f3n nutricional individual y grupal.\u202f Los servicios est\u00e1n dirigidos a distintos p\u00fablicos, se\u202fplanifican, ofertan y eval\u00faan por medio de las Unidades de Trabajo del Programa de acuerdo con la siguiente distribuci\u00f3n:\u00a0 \u00a0Unidad de Atenci\u00f3n Nutricional:\u202f Esta unidad incluye tanto lo referente a la [&hellip;]<\/p>\n","protected":false},"author":3,"featured_media":0,"parent":0,"menu_order":0,"comment_status":"closed","ping_status":"closed","template":"","meta":{"_eb_attr":"","inline_featured_image":false,"ngg_post_thumbnail":0,"footnotes":""},"class_list":["post-96","page","type-page","status-publish","hentry"],"yoast_head":"<!-- This site is optimized with the Yoast SEO plugin v27.5 - https:\/\/yoast.com\/product\/yoast-seo-wordpress\/ -->\n<title>Nuestros Servicios - PREANU<\/title>\n<meta name=\"robots\" content=\"index, follow, max-snippet:-1, max-image-preview:large, max-video-preview:-1\" \/>\n<link rel=\"canonical\" href=\"https:\/\/nutricionparavivirmejor.ucr.ac.cr\/index.php\/nuestros-servicios\/\" \/>\n<meta property=\"og:locale\" content=\"es_MX\" \/>\n<meta property=\"og:type\" content=\"article\" \/>\n<meta property=\"og:title\" content=\"Nuestros Servicios - PREANU\" \/>\n<meta property=\"og:description\" content=\"El PREANU ofrece diversos servicios de educaci\u00f3n en alimentaci\u00f3n y nutrici\u00f3n, as\u00ed como\u202fatenci\u00f3n nutricional individual y grupal.\u202f Los servicios est\u00e1n dirigidos a distintos p\u00fablicos, se\u202fplanifican, ofertan y eval\u00faan por medio de las Unidades de Trabajo del Programa de acuerdo con la siguiente distribuci\u00f3n:\u00a0 \u00a0Unidad de Atenci\u00f3n Nutricional:\u202f Esta unidad incluye tanto lo referente a la [&hellip;]\" \/>\n<meta property=\"og:url\" content=\"https:\/\/nutricionparavivirmejor.ucr.ac.cr\/index.php\/nuestros-servicios\/\" \/>\n<meta property=\"og:site_name\" content=\"PREANU\" \/>\n<meta property=\"article:modified_time\" content=\"2023-02-01T19:28:07+00:00\" \/>\n<meta property=\"og:image\" content=\"http:\/\/nutricionparavivirmejor.ucr.ac.cr\/wp-content\/uploads\/2023\/02\/CINTIILLOS_PREANU-11-1024x284.png\" \/>\n<meta name=\"twitter:card\" content=\"summary_large_image\" \/>\n<meta name=\"twitter:label1\" content=\"Tiempo de lectura\" \/>\n\t<meta name=\"twitter:data1\" content=\"2 minutos\" \/>\n<script type=\"application\/ld+json\" class=\"yoast-schema-graph\">{\"@context\":\"https:\\\/\\\/schema.org\",\"@graph\":[{\"@type\":\"WebPage\",\"@id\":\"https:\\\/\\\/nutricionparavivirmejor.ucr.ac.cr\\\/index.php\\\/nuestros-servicios\\\/\",\"url\":\"https:\\\/\\\/nutricionparavivirmejor.ucr.ac.cr\\\/index.php\\\/nuestros-servicios\\\/\",\"name\":\"Nuestros Servicios - PREANU\",\"isPartOf\":{\"@id\":\"https:\\\/\\\/nutricionparavivirmejor.ucr.ac.cr\\\/#website\"},\"primaryImageOfPage\":{\"@id\":\"https:\\\/\\\/nutricionparavivirmejor.ucr.ac.cr\\\/index.php\\\/nuestros-servicios\\\/#primaryimage\"},\"image\":{\"@id\":\"https:\\\/\\\/nutricionparavivirmejor.ucr.ac.cr\\\/index.php\\\/nuestros-servicios\\\/#primaryimage\"},\"thumbnailUrl\":\"http:\\\/\\\/nutricionparavivirmejor.ucr.ac.cr\\\/wp-content\\\/uploads\\\/2023\\\/02\\\/CINTIILLOS_PREANU-11-1024x284.png\",\"datePublished\":\"2022-11-23T13:08:01+00:00\",\"dateModified\":\"2023-02-01T19:28:07+00:00\",\"breadcrumb\":{\"@id\":\"https:\\\/\\\/nutricionparavivirmejor.ucr.ac.cr\\\/index.php\\\/nuestros-servicios\\\/#breadcrumb\"},\"inLanguage\":\"es\",\"potentialAction\":[{\"@type\":\"ReadAction\",\"target\":[\"https:\\\/\\\/nutricionparavivirmejor.ucr.ac.cr\\\/index.php\\\/nuestros-servicios\\\/\"]}]},{\"@type\":\"ImageObject\",\"inLanguage\":\"es\",\"@id\":\"https:\\\/\\\/nutricionparavivirmejor.ucr.ac.cr\\\/index.php\\\/nuestros-servicios\\\/#primaryimage\",\"url\":\"http:\\\/\\\/nutricionparavivirmejor.ucr.ac.cr\\\/wp-content\\\/uploads\\\/2023\\\/02\\\/CINTIILLOS_PREANU-11-1024x284.png\",\"contentUrl\":\"http:\\\/\\\/nutricionparavivirmejor.ucr.ac.cr\\\/wp-content\\\/uploads\\\/2023\\\/02\\\/CINTIILLOS_PREANU-11-1024x284.png\"},{\"@type\":\"BreadcrumbList\",\"@id\":\"https:\\\/\\\/nutricionparavivirmejor.ucr.ac.cr\\\/index.php\\\/nuestros-servicios\\\/#breadcrumb\",\"itemListElement\":[{\"@type\":\"ListItem\",\"position\":1,\"name\":\"Portada\",\"item\":\"https:\\\/\\\/nutricionparavivirmejor.ucr.ac.cr\\\/\"},{\"@type\":\"ListItem\",\"position\":2,\"name\":\"Nuestros Servicios\"}]},{\"@type\":\"WebSite\",\"@id\":\"https:\\\/\\\/nutricionparavivirmejor.ucr.ac.cr\\\/#website\",\"url\":\"https:\\\/\\\/nutricionparavivirmejor.ucr.ac.cr\\\/\",\"name\":\"PREANU\",\"description\":\"Programa de Educaci\u00f3n y Atenci\u00f3n Nutricional Universitario\",\"publisher\":{\"@id\":\"https:\\\/\\\/nutricionparavivirmejor.ucr.ac.cr\\\/#organization\"},\"potentialAction\":[{\"@type\":\"SearchAction\",\"target\":{\"@type\":\"EntryPoint\",\"urlTemplate\":\"https:\\\/\\\/nutricionparavivirmejor.ucr.ac.cr\\\/?s={search_term_string}\"},\"query-input\":{\"@type\":\"PropertyValueSpecification\",\"valueRequired\":true,\"valueName\":\"search_term_string\"}}],\"inLanguage\":\"es\"},{\"@type\":\"Organization\",\"@id\":\"https:\\\/\\\/nutricionparavivirmejor.ucr.ac.cr\\\/#organization\",\"name\":\"PREANU\",\"url\":\"https:\\\/\\\/nutricionparavivirmejor.ucr.ac.cr\\\/\",\"logo\":{\"@type\":\"ImageObject\",\"inLanguage\":\"es\",\"@id\":\"https:\\\/\\\/nutricionparavivirmejor.ucr.ac.cr\\\/#\\\/schema\\\/logo\\\/image\\\/\",\"url\":\"https:\\\/\\\/nutricionparavivirmejor.ucr.ac.cr\\\/wp-content\\\/uploads\\\/2023\\\/01\\\/ACRONIMOS-ENU-5.svg\",\"contentUrl\":\"https:\\\/\\\/nutricionparavivirmejor.ucr.ac.cr\\\/wp-content\\\/uploads\\\/2023\\\/01\\\/ACRONIMOS-ENU-5.svg\",\"width\":300,\"height\":50,\"caption\":\"PREANU\"},\"image\":{\"@id\":\"https:\\\/\\\/nutricionparavivirmejor.ucr.ac.cr\\\/#\\\/schema\\\/logo\\\/image\\\/\"}}]}<\/script>\n<!-- \/ Yoast SEO plugin. -->","yoast_head_json":{"title":"Nuestros Servicios - PREANU","robots":{"index":"index","follow":"follow","max-snippet":"max-snippet:-1","max-image-preview":"max-image-preview:large","max-video-preview":"max-video-preview:-1"},"canonical":"https:\/\/nutricionparavivirmejor.ucr.ac.cr\/index.php\/nuestros-servicios\/","og_locale":"es_MX","og_type":"article","og_title":"Nuestros Servicios - PREANU","og_description":"El PREANU ofrece diversos servicios de educaci\u00f3n en alimentaci\u00f3n y nutrici\u00f3n, as\u00ed como\u202fatenci\u00f3n nutricional individual y grupal.\u202f Los servicios est\u00e1n dirigidos a distintos p\u00fablicos, se\u202fplanifican, ofertan y eval\u00faan por medio de las Unidades de Trabajo del Programa de acuerdo con la siguiente distribuci\u00f3n:\u00a0 \u00a0Unidad de Atenci\u00f3n Nutricional:\u202f Esta unidad incluye tanto lo referente a la [&hellip;]","og_url":"https:\/\/nutricionparavivirmejor.ucr.ac.cr\/index.php\/nuestros-servicios\/","og_site_name":"PREANU","article_modified_time":"2023-02-01T19:28:07+00:00","og_image":[{"url":"http:\/\/nutricionparavivirmejor.ucr.ac.cr\/wp-content\/uploads\/2023\/02\/CINTIILLOS_PREANU-11-1024x284.png","type":"","width":"","height":""}],"twitter_card":"summary_large_image","twitter_misc":{"Tiempo de lectura":"2 minutos"},"schema":{"@context":"https:\/\/schema.org","@graph":[{"@type":"WebPage","@id":"https:\/\/nutricionparavivirmejor.ucr.ac.cr\/index.php\/nuestros-servicios\/","url":"https:\/\/nutricionparavivirmejor.ucr.ac.cr\/index.php\/nuestros-servicios\/","name":"Nuestros Servicios - PREANU","isPartOf":{"@id":"https:\/\/nutricionparavivirmejor.ucr.ac.cr\/#website"},"primaryImageOfPage":{"@id":"https:\/\/nutricionparavivirmejor.ucr.ac.cr\/index.php\/nuestros-servicios\/#primaryimage"},"image":{"@id":"https:\/\/nutricionparavivirmejor.ucr.ac.cr\/index.php\/nuestros-servicios\/#primaryimage"},"thumbnailUrl":"http:\/\/nutricionparavivirmejor.ucr.ac.cr\/wp-content\/uploads\/2023\/02\/CINTIILLOS_PREANU-11-1024x284.png","datePublished":"2022-11-23T13:08:01+00:00","dateModified":"2023-02-01T19:28:07+00:00","breadcrumb":{"@id":"https:\/\/nutricionparavivirmejor.ucr.ac.cr\/index.php\/nuestros-servicios\/#breadcrumb"},"inLanguage":"es","potentialAction":[{"@type":"ReadAction","target":["https:\/\/nutricionparavivirmejor.ucr.ac.cr\/index.php\/nuestros-servicios\/"]}]},{"@type":"ImageObject","inLanguage":"es","@id":"https:\/\/nutricionparavivirmejor.ucr.ac.cr\/index.php\/nuestros-servicios\/#primaryimage","url":"http:\/\/nutricionparavivirmejor.ucr.ac.cr\/wp-content\/uploads\/2023\/02\/CINTIILLOS_PREANU-11-1024x284.png","contentUrl":"http:\/\/nutricionparavivirmejor.ucr.ac.cr\/wp-content\/uploads\/2023\/02\/CINTIILLOS_PREANU-11-1024x284.png"},{"@type":"BreadcrumbList","@id":"https:\/\/nutricionparavivirmejor.ucr.ac.cr\/index.php\/nuestros-servicios\/#breadcrumb","itemListElement":[{"@type":"ListItem","position":1,"name":"Portada","item":"https:\/\/nutricionparavivirmejor.ucr.ac.cr\/"},{"@type":"ListItem","position":2,"name":"Nuestros Servicios"}]},{"@type":"WebSite","@id":"https:\/\/nutricionparavivirmejor.ucr.ac.cr\/#website","url":"https:\/\/nutricionparavivirmejor.ucr.ac.cr\/","name":"PREANU","description":"Programa de Educaci\u00f3n y Atenci\u00f3n Nutricional Universitario","publisher":{"@id":"https:\/\/nutricionparavivirmejor.ucr.ac.cr\/#organization"},"potentialAction":[{"@type":"SearchAction","target":{"@type":"EntryPoint","urlTemplate":"https:\/\/nutricionparavivirmejor.ucr.ac.cr\/?s={search_term_string}"},"query-input":{"@type":"PropertyValueSpecification","valueRequired":true,"valueName":"search_term_string"}}],"inLanguage":"es"},{"@type":"Organization","@id":"https:\/\/nutricionparavivirmejor.ucr.ac.cr\/#organization","name":"PREANU","url":"https:\/\/nutricionparavivirmejor.ucr.ac.cr\/","logo":{"@type":"ImageObject","inLanguage":"es","@id":"https:\/\/nutricionparavivirmejor.ucr.ac.cr\/#\/schema\/logo\/image\/","url":"https:\/\/nutricionparavivirmejor.ucr.ac.cr\/wp-content\/uploads\/2023\/01\/ACRONIMOS-ENU-5.svg","contentUrl":"https:\/\/nutricionparavivirmejor.ucr.ac.cr\/wp-content\/uploads\/2023\/01\/ACRONIMOS-ENU-5.svg","width":300,"height":50,"caption":"PREANU"},"image":{"@id":"https:\/\/nutricionparavivirmejor.ucr.ac.cr\/#\/schema\/logo\/image\/"}}]}},"_links":{"self":[{"href":"https:\/\/nutricionparavivirmejor.ucr.ac.cr\/index.php\/wp-json\/wp\/v2\/pages\/96","targetHints":{"allow":["GET"]}}],"collection":[{"href":"https:\/\/nutricionparavivirmejor.ucr.ac.cr\/index.php\/wp-json\/wp\/v2\/pages"}],"about":[{"href":"https:\/\/nutricionparavivirmejor.ucr.ac.cr\/index.php\/wp-json\/wp\/v2\/types\/page"}],"author":[{"embeddable":true,"href":"https:\/\/nutricionparavivirmejor.ucr.ac.cr\/index.php\/wp-json\/wp\/v2\/users\/3"}],"replies":[{"embeddable":true,"href":"https:\/\/nutricionparavivirmejor.ucr.ac.cr\/index.php\/wp-json\/wp\/v2\/comments?post=96"}],"version-history":[{"count":19,"href":"https:\/\/nutricionparavivirmejor.ucr.ac.cr\/index.php\/wp-json\/wp\/v2\/pages\/96\/revisions"}],"predecessor-version":[{"id":1659,"href":"https:\/\/nutricionparavivirmejor.ucr.ac.cr\/index.php\/wp-json\/wp\/v2\/pages\/96\/revisions\/1659"}],"wp:attachment":[{"href":"https:\/\/nutricionparavivirmejor.ucr.ac.cr\/index.php\/wp-json\/wp\/v2\/media?parent=96"}],"curies":[{"name":"wp","href":"https:\/\/api.w.org\/{rel}","templated":true}]}}